{"id":8,"date":"2025-05-28T07:24:40","date_gmt":"2025-05-28T07:24:40","guid":{"rendered":"https:\/\/humildadsevillaeste.es\/?page_id=8"},"modified":"2025-09-27T00:18:04","modified_gmt":"2025-09-27T00:18:04","slug":"historia","status":"publish","type":"page","link":"https:\/\/humildadsevillaeste.es\/?page_id=8","title":{"rendered":"Historia"},"content":{"rendered":"\t\t<div data-elementor-type=\"wp-page\" data-elementor-id=\"8\" class=\"elementor elementor-8\" data-elementor-post-type=\"page\">\n\t\t\t\t<div class=\"elementor-element elementor-element-4c9a0b7 e-flex e-con-boxed e-con e-parent\" data-id=\"4c9a0b7\" data-element_type=\"container\" data-e-type=\"container\" data-settings=\"{&quot;background_background&quot;:&quot;classic&quot;}\">\n\t\t\t\t\t<div class=\"e-con-inner\">\n\t\t\t\t<div class=\"elementor-element elementor-element-1479e0b elementor-widget elementor-widget-heading\" data-id=\"1479e0b\" data-element_type=\"widget\" data-e-type=\"widget\" data-widget_type=\"heading.default\">\n\t\t\t\t\t<h2 class=\"elementor-heading-title elementor-size-default\">Rese\u00f1a Hist\u00f3rica<\/h2>\t\t\t\t<\/div>\n\t\t\t\t\t<\/div>\n\t\t\t\t<\/div>\n\t\t<div class=\"elementor-element elementor-element-1d4105f e-flex e-con-boxed e-con e-parent\" data-id=\"1d4105f\" data-element_type=\"container\" data-e-type=\"container\">\n\t\t\t\t\t<div class=\"e-con-inner\">\n\t\t<div class=\"elementor-element elementor-element-424f78b e-con-full e-flex e-con e-child\" data-id=\"424f78b\" data-element_type=\"container\" data-e-type=\"container\">\n\t\t\t\t<div class=\"elementor-element elementor-element-185470c elementor-widget elementor-widget-heading\" data-id=\"185470c\" data-element_type=\"widget\" data-e-type=\"widget\" data-widget_type=\"heading.default\">\n\t\t\t\t\t<h2 class=\"elementor-heading-title elementor-size-default\"><u>EL INICIO<\/u><\/h2>\t\t\t\t<\/div>\n\t\t\t\t<\/div>\n\t\t<div class=\"elementor-element elementor-element-1e805b4 e-con-full e-flex e-con e-child\" data-id=\"1e805b4\" data-element_type=\"container\" data-e-type=\"container\">\n\t\t\t\t<div class=\"elementor-element elementor-element-dfc3ffc elementor-widget elementor-widget-text-editor\" data-id=\"dfc3ffc\" data-element_type=\"widget\" data-e-type=\"widget\" data-widget_type=\"text-editor.default\">\n\t\t\t\t\t\t\t\t\t<div dir=\"auto\">La corporaci\u00f3n tiene sus or\u00edgenes en 2008, cuando un grupo de cofrades del barrio se re\u00fanen en el bar la Espiga con ideas claras de iniciar un proyecto. Este se constituye en forma de tertulia cofrade que, adem\u00e1s de actividades culturales relacionadas con el mundo de la Semana Santa, sacaba una Cruz de Mayo que mantiene la actual Agrupaci\u00f3n Parroquial. Los estatutos establec\u00edan la l\u00ednea a seguir: conseguir ser en un futuro la primera hermandad de penitencia en Sevilla Este.<\/div><div dir=\"auto\">\u00a0<\/div>\t\t\t\t\t\t\t\t<\/div>\n\t\t\t\t<\/div>\n\t\t<div class=\"elementor-element elementor-element-d310181 e-con-full e-flex e-con e-child\" data-id=\"d310181\" data-element_type=\"container\" data-e-type=\"container\">\n\t\t\t\t<div class=\"elementor-element elementor-element-8c6ed15 elementor-widget elementor-widget-image\" data-id=\"8c6ed15\" data-element_type=\"widget\" data-e-type=\"widget\" data-widget_type=\"image.default\">\n\t\t\t\t\t\t\t\t\t\t\t\t\t\t\t<img fetchpriority=\"high\" decoding=\"async\" width=\"768\" height=\"432\" src=\"https:\/\/humildadsevillaeste.es\/wp-content\/uploads\/2025\/09\/1000079138-1-768x432.jpg\" class=\"attachment-medium_large size-medium_large wp-image-983\" alt=\"\" srcset=\"https:\/\/humildadsevillaeste.es\/wp-content\/uploads\/2025\/09\/1000079138-1-768x432.jpg 768w, https:\/\/humildadsevillaeste.es\/wp-content\/uploads\/2025\/09\/1000079138-1-300x169.jpg 300w, https:\/\/humildadsevillaeste.es\/wp-content\/uploads\/2025\/09\/1000079138-1-1024x576.jpg 1024w, https:\/\/humildadsevillaeste.es\/wp-content\/uploads\/2025\/09\/1000079138-1-1536x864.jpg 1536w, https:\/\/humildadsevillaeste.es\/wp-content\/uploads\/2025\/09\/1000079138-1.jpg 1599w\" sizes=\"(max-width: 768px) 100vw, 768px\" \/>\t\t\t\t\t\t\t\t\t\t\t\t\t\t\t<\/div>\n\t\t<div class=\"elementor-element elementor-element-a11e08d e-con-full e-flex e-con e-child\" data-id=\"a11e08d\" data-element_type=\"container\" data-e-type=\"container\">\n\t\t<div class=\"elementor-element elementor-element-d794895 e-con-full e-flex e-con e-child\" data-id=\"d794895\" data-element_type=\"container\" data-e-type=\"container\">\n\t\t\t\t<div class=\"elementor-element elementor-element-e7ea773 elementor-widget elementor-widget-heading\" data-id=\"e7ea773\" data-element_type=\"widget\" data-e-type=\"widget\" data-widget_type=\"heading.default\">\n\t\t\t\t\t<h2 class=\"elementor-heading-title elementor-size-default\"><u>PRIMEROS PASOS<\/u><\/h2>\t\t\t\t<\/div>\n\t\t\t\t<\/div>\n\t\t\t\t<div class=\"elementor-element elementor-element-43cb7b7 elementor-widget elementor-widget-text-editor\" data-id=\"43cb7b7\" data-element_type=\"widget\" data-e-type=\"widget\" data-widget_type=\"text-editor.default\">\n\t\t\t\t\t\t\t\t\t<div dir=\"auto\">En octubre de 2008, la junta directiva decide la advocaci\u00f3n de Nuestro Padre Jes\u00fas de la Humildad. Posteriormente, encarga la imagen crist\u00edfera a Israel Redondo, que la entrega en abril de 2011. Sin una sede donde fijarlo, el Se\u00f1or de la Humildad fue llevado a la calle Cruces n\u00ba5, en el barrio de Santa Cruz, casa de Crist\u00f3bal Louis Keen y de Guadalupe Almagro, pertenecientes a la corporaci\u00f3n. En esa casa, residi\u00f3 el Cristo m\u00e1s de un a\u00f1o, donde fue visto incluso por el Arzobispo Asenjo. Se entablaron conversaciones con don Eduardo Mart\u00edn Clemens, p\u00e1rroco de Santa Cruz, que vio bien realizar una bendici\u00f3n particular. Esa bendici\u00f3n se realiz\u00f3 el 10 de junio de 2011. A esta asistieron las hermanas del colegio Santo \u00c1ngel. Por recomendaci\u00f3n del mismo don Eduardo, se trajo la imagen al barrio, donde fue expuesta a veneraci\u00f3n en un local alquilado en la barriada de las G\u00f3ndolas. El lugar fue bendecido por don Jos\u00e9 Moreno, por entonces p\u00e1rroco de Nuestra Se\u00f1ora de los \u00c1ngeles y Santa \u00c1ngela de la Cruz.<\/div><div dir=\"auto\">\u00a0<\/div><div dir=\"auto\">Tras la llegada del nuevo p\u00e1rroco, don Manuel S\u00e1nchez, iniciaron algunos asociados unos cursos de formaci\u00f3n para juntas de gobierno en el Seminario y en la parroquia, impartidos por don Manuel Moreno. Con la ayuda de este y del p\u00e1rroco, se fue siguiendo el proceso para la integraci\u00f3n dentro de la Iglesia que continu\u00f3 tras la llegada a la parroquia de don Adri\u00e1n Sanabria en 2017, que tan importante ha sido para la Agrupaci\u00f3n.<\/div>\t\t\t\t\t\t\t\t<\/div>\n\t\t\t\t<\/div>\n\t\t\t\t<\/div>\n\t\t\t\t\t<\/div>\n\t\t\t\t<\/div>\n\t\t<div class=\"elementor-element elementor-element-717ba43 e-flex e-con-boxed e-con e-parent\" data-id=\"717ba43\" data-element_type=\"container\" data-e-type=\"container\">\n\t\t\t\t\t<div class=\"e-con-inner\">\n\t\t\t\t<div class=\"elementor-element elementor-element-461c623 elementor-widget elementor-widget-image\" data-id=\"461c623\" data-element_type=\"widget\" data-e-type=\"widget\" data-widget_type=\"image.default\">\n\t\t\t\t\t\t\t\t\t\t\t\t\t\t\t<img decoding=\"async\" width=\"768\" height=\"756\" src=\"https:\/\/humildadsevillaeste.es\/wp-content\/uploads\/2025\/09\/1000004827-1-e1756863304430-768x756.jpg\" class=\"attachment-medium_large size-medium_large wp-image-985\" alt=\"\" srcset=\"https:\/\/humildadsevillaeste.es\/wp-content\/uploads\/2025\/09\/1000004827-1-e1756863304430-768x756.jpg 768w, https:\/\/humildadsevillaeste.es\/wp-content\/uploads\/2025\/09\/1000004827-1-e1756863304430-300x295.jpg 300w, https:\/\/humildadsevillaeste.es\/wp-content\/uploads\/2025\/09\/1000004827-1-e1756863304430-1024x1008.jpg 1024w, https:\/\/humildadsevillaeste.es\/wp-content\/uploads\/2025\/09\/1000004827-1-e1756863304430.jpg 1512w\" sizes=\"(max-width: 768px) 100vw, 768px\" \/>\t\t\t\t\t\t\t\t\t\t\t\t\t\t\t<\/div>\n\t\t<div class=\"elementor-element elementor-element-64d6ace e-con-full e-flex e-con e-child\" data-id=\"64d6ace\" data-element_type=\"container\" data-e-type=\"container\">\n\t\t\t\t<div class=\"elementor-element elementor-element-f6c737d elementor-widget elementor-widget-heading\" data-id=\"f6c737d\" data-element_type=\"widget\" data-e-type=\"widget\" data-widget_type=\"heading.default\">\n\t\t\t\t\t<h2 class=\"elementor-heading-title elementor-size-default\"><u>INTEGRACI\u00d3N<\/u><\/h2>\t\t\t\t<\/div>\n\t\t\t\t<\/div>\n\t\t<div class=\"elementor-element elementor-element-8a8bb36 e-con-full e-flex e-con e-child\" data-id=\"8a8bb36\" data-element_type=\"container\" data-e-type=\"container\">\n\t\t\t\t<div class=\"elementor-element elementor-element-06bbd94 elementor-widget elementor-widget-text-editor\" data-id=\"06bbd94\" data-element_type=\"widget\" data-e-type=\"widget\" data-widget_type=\"text-editor.default\">\n\t\t\t\t\t\t\t\t\t<div dir=\"auto\">El 1 de abril de 2018, la tertulia cofrade la Espiga se integr\u00f3 en la parroquia como Asociaci\u00f3n de Fieles, ingresando plenamente en la Iglesia Cat\u00f3lica. El traslado de Nuestro Padre Jes\u00fas de la Humildad a la parroquia se realiza en andas el 29 de septiembre de ese mismo a\u00f1o, algo que fue sorpresa para muchas personas que, aunque conoc\u00edan lo que se estaba gestando, nunca hab\u00edan tenido la oportunidad de ver una imagen en las calles de Sevilla Este.<\/div><div dir=\"auto\">\u00a0<\/div><div dir=\"auto\">Durante los siguientes a\u00f1os, la ya Asociaci\u00f3n de Fieles continu\u00f3 participando en la vida parroquial adem\u00e1s de celebrar cultos internos como el Triduo. El tradicional V\u00eda Crucis por los aleda\u00f1os acercaba al Se\u00f1or a la feligres\u00eda. Cabe destacar en estos a\u00f1os la exposici\u00f3n de enseres en el sal\u00f3n parroquial de 2022, donde la Asociaci\u00f3n pudo mostrar varios proyectos futuros y presentarse a la Sevilla cofrade<\/div>\t\t\t\t\t\t\t\t<\/div>\n\t\t\t\t<\/div>\n\t\t<div class=\"elementor-element elementor-element-67e0aff e-con-full e-flex e-con e-child\" data-id=\"67e0aff\" data-element_type=\"container\" data-e-type=\"container\">\n\t\t\t\t<div class=\"elementor-element elementor-element-6dceb5f elementor-widget elementor-widget-image\" data-id=\"6dceb5f\" data-element_type=\"widget\" data-e-type=\"widget\" data-widget_type=\"image.default\">\n\t\t\t\t\t\t\t\t\t\t\t\t\t\t\t<img decoding=\"async\" width=\"768\" height=\"1024\" src=\"https:\/\/humildadsevillaeste.es\/wp-content\/uploads\/2025\/09\/1000079135-1-768x1024.jpg\" class=\"attachment-medium_large size-medium_large wp-image-984\" alt=\"\" srcset=\"https:\/\/humildadsevillaeste.es\/wp-content\/uploads\/2025\/09\/1000079135-1-768x1024.jpg 768w, https:\/\/humildadsevillaeste.es\/wp-content\/uploads\/2025\/09\/1000079135-1-225x300.jpg 225w, https:\/\/humildadsevillaeste.es\/wp-content\/uploads\/2025\/09\/1000079135-1-300x400.jpg 300w, https:\/\/humildadsevillaeste.es\/wp-content\/uploads\/2025\/09\/1000079135-1-1152x1536.jpg 1152w, https:\/\/humildadsevillaeste.es\/wp-content\/uploads\/2025\/09\/1000079135-1.jpg 1200w\" sizes=\"(max-width: 768px) 100vw, 768px\" \/>\t\t\t\t\t\t\t\t\t\t\t\t\t\t\t<\/div>\n\t\t<div class=\"elementor-element elementor-element-363e9dc e-con-full e-flex e-con e-child\" data-id=\"363e9dc\" data-element_type=\"container\" data-e-type=\"container\">\n\t\t\t\t<div class=\"elementor-element elementor-element-3fe29d2 elementor-widget elementor-widget-heading\" data-id=\"3fe29d2\" data-element_type=\"widget\" data-e-type=\"widget\" data-widget_type=\"heading.default\">\n\t\t\t\t\t<h2 class=\"elementor-heading-title elementor-size-default\"><u>AGRUPACI\u00d3N PARROQUIAL<\/u><\/h2>\t\t\t\t<\/div>\n\t\t\t\t<\/div>\n\t\t\t\t<\/div>\n\t\t\t\t\t<\/div>\n\t\t\t\t<\/div>\n\t\t<div class=\"elementor-element elementor-element-089ba2f e-flex e-con-boxed e-con e-parent\" data-id=\"089ba2f\" data-element_type=\"container\" data-e-type=\"container\">\n\t\t\t\t\t<div class=\"e-con-inner\">\n\t\t\t\t<div class=\"elementor-element elementor-element-ecee245 elementor-widget elementor-widget-text-editor\" data-id=\"ecee245\" data-element_type=\"widget\" data-e-type=\"widget\" data-widget_type=\"text-editor.default\">\n\t\t\t\t\t\t\t\t\t<div dir=\"auto\">Tras a\u00f1os de espera, el 10 de febrero de 2023, el Arzobispo de Sevilla emite el decreto que eleva el rango can\u00f3nico de la corporaci\u00f3n a Agrupaci\u00f3n Parroquial, estableciendo su salida procesional en la tarde del S\u00e1bado de Pasi\u00f3n. Fue una Cuaresma fren\u00e9tica, llena de trabajo, esfuerzo e ilusi\u00f3n por poner en la calle la primera cofrad\u00eda de la historia de Sevilla Este. Hecho que sucedi\u00f3 el 1 de abril de dicho a\u00f1o, donde el barrio se volc\u00f3 con su futura hermandad.<\/div>\t\t\t\t\t\t\t\t<\/div>\n\t\t<div class=\"elementor-element elementor-element-02d0bcd e-con-full e-flex e-con e-child\" data-id=\"02d0bcd\" data-element_type=\"container\" data-e-type=\"container\">\n\t\t\t\t<div class=\"elementor-element elementor-element-aa4ef95 elementor-widget elementor-widget-image\" data-id=\"aa4ef95\" data-element_type=\"widget\" data-e-type=\"widget\" data-widget_type=\"image.default\">\n\t\t\t\t\t\t\t\t\t\t\t\t\t\t\t<img loading=\"lazy\" decoding=\"async\" width=\"768\" height=\"488\" src=\"https:\/\/humildadsevillaeste.es\/wp-content\/uploads\/2025\/09\/IMG-20230522-WA0036-e1756863126597-768x488.jpg\" class=\"attachment-medium_large size-medium_large wp-image-1063\" alt=\"\" srcset=\"https:\/\/humildadsevillaeste.es\/wp-content\/uploads\/2025\/09\/IMG-20230522-WA0036-e1756863126597-768x488.jpg 768w, https:\/\/humildadsevillaeste.es\/wp-content\/uploads\/2025\/09\/IMG-20230522-WA0036-e1756863126597-300x190.jpg 300w, https:\/\/humildadsevillaeste.es\/wp-content\/uploads\/2025\/09\/IMG-20230522-WA0036-e1756863126597-1024x650.jpg 1024w, https:\/\/humildadsevillaeste.es\/wp-content\/uploads\/2025\/09\/IMG-20230522-WA0036-e1756863126597.jpg 1468w\" sizes=\"(max-width: 768px) 100vw, 768px\" \/>\t\t\t\t\t\t\t\t\t\t\t\t\t\t\t<\/div>\n\t\t\t\t<\/div>\n\t\t\t\t\t<\/div>\n\t\t\t\t<\/div>\n\t\t<div class=\"elementor-element elementor-element-1ced84c e-flex e-con-boxed e-con e-parent\" data-id=\"1ced84c\" data-element_type=\"container\" data-e-type=\"container\">\n\t\t\t\t\t<div class=\"e-con-inner\">\n\t\t<div class=\"elementor-element elementor-element-a1ba893 e-con-full e-flex e-con e-child\" data-id=\"a1ba893\" data-element_type=\"container\" data-e-type=\"container\">\n\t\t<div class=\"elementor-element elementor-element-5c2704f e-con-full e-flex e-con e-child\" data-id=\"5c2704f\" data-element_type=\"container\" data-e-type=\"container\">\n\t\t\t\t<div class=\"elementor-element elementor-element-ac5c506 elementor-widget elementor-widget-heading\" data-id=\"ac5c506\" data-element_type=\"widget\" data-e-type=\"widget\" data-widget_type=\"heading.default\">\n\t\t\t\t\t<h2 class=\"elementor-heading-title elementor-size-default\"><u>NTRA SE\u00d1ORA DE LOS \u00c1NGELES<\/u><\/h2>\t\t\t\t<\/div>\n\t\t\t\t<\/div>\n\t\t\t\t<div class=\"elementor-element elementor-element-584f509 elementor-widget elementor-widget-text-editor\" data-id=\"584f509\" data-element_type=\"widget\" data-e-type=\"widget\" data-widget_type=\"text-editor.default\">\n\t\t\t\t\t\t\t\t\t<p>Las buenas noticias continuaron tras la Semana Santa. En septiembre llegaba la talla de Nuestra Se\u00f1ora de los \u00c1ngeles, titular de esta corporaci\u00f3n, obra del insigne imaginero Navarro Arteaga y donada por una importante familia de la Agrupaci\u00f3n. El 1 de octubre de 2023, la talla fue bendecida en una misa multitudinaria presidida por el Rvdmo. Sr. D. Teodoro Mu\u00f1oz Le\u00f3n, Obispo auxiliar de Sevilla, donde asistieron varias autoridades y representaciones de Hermandades, as\u00ed como el Alcalde de Sevilla. El barrio pudo contemplar a su Virgen por primera vez el 4 de febrero de 2024, saliendo esta en andas, donde se rez\u00f3 el Santo Rosario por parte de la feligres\u00eda.<\/p>\t\t\t\t\t\t\t\t<\/div>\n\t\t\t\t<\/div>\n\t\t\t\t<div class=\"elementor-element elementor-element-9eb17fa elementor-widget elementor-widget-image\" data-id=\"9eb17fa\" data-element_type=\"widget\" data-e-type=\"widget\" data-widget_type=\"image.default\">\n\t\t\t\t\t\t\t\t\t\t\t\t\t\t\t<img loading=\"lazy\" decoding=\"async\" width=\"768\" height=\"576\" src=\"https:\/\/humildadsevillaeste.es\/wp-content\/uploads\/2025\/09\/1394756-768x576.jpg\" class=\"attachment-medium_large size-medium_large wp-image-1058\" alt=\"\" srcset=\"https:\/\/humildadsevillaeste.es\/wp-content\/uploads\/2025\/09\/1394756-768x576.jpg 768w, https:\/\/humildadsevillaeste.es\/wp-content\/uploads\/2025\/09\/1394756-300x225.jpg 300w, https:\/\/humildadsevillaeste.es\/wp-content\/uploads\/2025\/09\/1394756-1024x768.jpg 1024w, https:\/\/humildadsevillaeste.es\/wp-content\/uploads\/2025\/09\/1394756.jpg 1200w\" sizes=\"(max-width: 768px) 100vw, 768px\" \/>\t\t\t\t\t\t\t\t\t\t\t\t\t\t\t<\/div>\n\t\t\t\t\t<\/div>\n\t\t\t\t<\/div>\n\t\t<div class=\"elementor-element elementor-element-ded9ac4 e-flex e-con-boxed e-con e-parent\" data-id=\"ded9ac4\" data-element_type=\"container\" data-e-type=\"container\">\n\t\t\t\t\t<div class=\"e-con-inner\">\n\t\t<div class=\"elementor-element elementor-element-a464b30 e-con-full e-flex e-con e-child\" data-id=\"a464b30\" data-element_type=\"container\" data-e-type=\"container\">\n\t\t\t\t<div class=\"elementor-element elementor-element-5d99ccd elementor-widget elementor-widget-heading\" data-id=\"5d99ccd\" data-element_type=\"widget\" data-e-type=\"widget\" data-widget_type=\"heading.default\">\n\t\t\t\t\t<h2 class=\"elementor-heading-title elementor-size-default\"><u>MISTERIO NTRO PADRE JES\u00daS DE LA HUMILDAD<\/u><\/h2>\t\t\t\t<\/div>\n\t\t\t\t<\/div>\n\t\t\t\t<div class=\"elementor-element elementor-element-666770c elementor-widget elementor-widget-text-editor\" data-id=\"666770c\" data-element_type=\"widget\" data-e-type=\"widget\" data-widget_type=\"text-editor.default\">\n\t\t\t\t\t\t\t\t\t<p>El 23 de marzo de 2024, la Agrupaci\u00f3n realiz\u00f3 su segunda salida procesional por las calles de Sevilla Este, estrenando las tallas del romano y la mujer hebrea que acompa\u00f1an a Jes\u00fas de la Humildad en la Octava Estaci\u00f3n del V\u00eda Crucis: Jes\u00fas consuela a las mujeres de Jerusal\u00e9n. Con esto, la corporaci\u00f3n avanz\u00f3 en la configuraci\u00f3n de su paso de misterio.<\/p>\t\t\t\t\t\t\t\t<\/div>\n\t\t\t\t\t<\/div>\n\t\t\t\t<\/div>\n\t\t<div class=\"elementor-element elementor-element-9049468 e-flex e-con-boxed e-con e-parent\" data-id=\"9049468\" data-element_type=\"container\" data-e-type=\"container\">\n\t\t\t\t\t<div class=\"e-con-inner\">\n\t\t\t\t<div class=\"elementor-element elementor-element-3dbed78 elementor-widget elementor-widget-image\" data-id=\"3dbed78\" data-element_type=\"widget\" data-e-type=\"widget\" data-widget_type=\"image.default\">\n\t\t\t\t\t\t\t\t\t\t\t\t\t\t\t<img loading=\"lazy\" decoding=\"async\" width=\"768\" height=\"536\" src=\"https:\/\/humildadsevillaeste.es\/wp-content\/uploads\/2025\/09\/edd-1-768x536.jpg\" class=\"attachment-medium_large size-medium_large wp-image-986\" alt=\"\" srcset=\"https:\/\/humildadsevillaeste.es\/wp-content\/uploads\/2025\/09\/edd-1-768x536.jpg 768w, https:\/\/humildadsevillaeste.es\/wp-content\/uploads\/2025\/09\/edd-1-300x209.jpg 300w, https:\/\/humildadsevillaeste.es\/wp-content\/uploads\/2025\/09\/edd-1-1024x714.jpg 1024w, https:\/\/humildadsevillaeste.es\/wp-content\/uploads\/2025\/09\/edd-1-1536x1071.jpg 1536w, https:\/\/humildadsevillaeste.es\/wp-content\/uploads\/2025\/09\/edd-1-2048x1428.jpg 2048w\" sizes=\"(max-width: 768px) 100vw, 768px\" \/>\t\t\t\t\t\t\t\t\t\t\t\t\t\t\t<\/div>\n\t\t\t\t\t<\/div>\n\t\t\t\t<\/div>\n\t\t\t\t<\/div>\n\t\t","protected":false},"excerpt":{"rendered":"<p>Rese\u00f1a Hist\u00f3rica EL INICIO La corporaci\u00f3n tiene sus or\u00edgenes en 2008, cuando un grupo de cofrades del barrio se re\u00fanen [&hellip;]<\/p>\n","protected":false},"author":1,"featured_media":0,"parent":0,"menu_order":0,"comment_status":"closed","ping_status":"closed","template":"","meta":{"site-sidebar-layout":"no-sidebar","site-content-layout":"","ast-site-content-layout":"full-width-container","site-content-style":"default","site-sidebar-style":"default","ast-global-header-display":"","ast-banner-title-visibility":"","ast-main-header-display":"","ast-hfb-above-header-display":"","ast-hfb-below-header-display":"","ast-hfb-mobile-header-display":"","site-post-title":"disabled","ast-breadcrumbs-content":"","ast-featured-img":"disabled","footer-sml-layout":"","ast-disable-related-posts":"","theme-transparent-header-meta":"","adv-header-id-meta":"","stick-header-meta":"","header-above-stick-meta":"","header-main-stick-meta":"","header-below-stick-meta":"","astra-migrate-meta-layouts":"default","ast-page-background-enabled":"default","ast-page-background-meta":{"desktop":{"background-color":"var(--ast-global-color-5)","background-image":"","background-repeat":"repeat","background-position":"center center","background-size":"auto","background-attachment":"scroll","background-type":"","background-media":"","overlay-type":"","overlay-color":"","overlay-opacity":"","overlay-gradient":""},"tablet":{"background-color":"","background-image":"","background-repeat":"repeat","background-position":"center center","background-size":"auto","background-attachment":"scroll","background-type":"","background-media":"","overlay-type":"","overlay-color":"","overlay-opacity":"","overlay-gradient":""},"mobile":{"background-color":"","background-image":"","background-repeat":"repeat","background-position":"center center","background-size":"auto","background-attachment":"scroll","background-type":"","background-media":"","overlay-type":"","overlay-color":"","overlay-opacity":"","overlay-gradient":""}},"ast-content-background-meta":{"desktop":{"background-color":"var(--ast-global-color-4)","background-image":"","background-repeat":"repeat","background-position":"center center","background-size":"auto","background-attachment":"scroll","background-type":"","background-media":"","overlay-type":"","overlay-color":"","overlay-opacity":"","overlay-gradient":""},"tablet":{"background-color":"var(--ast-global-color-4)","background-image":"","background-repeat":"repeat","background-position":"center center","background-size":"auto","background-attachment":"scroll","background-type":"","background-media":"","overlay-type":"","overlay-color":"","overlay-opacity":"","overlay-gradient":""},"mobile":{"background-color":"var(--ast-global-color-4)","background-image":"","background-repeat":"repeat","background-position":"center center","background-size":"auto","background-attachment":"scroll","background-type":"","background-media":"","overlay-type":"","overlay-color":"","overlay-opacity":"","overlay-gradient":""}},"footnotes":""},"class_list":["post-8","page","type-page","status-publish","hentry"],"_links":{"self":[{"href":"https:\/\/humildadsevillaeste.es\/index.php?rest_route=\/wp\/v2\/pages\/8","targetHints":{"allow":["GET"]}}],"collection":[{"href":"https:\/\/humildadsevillaeste.es\/index.php?rest_route=\/wp\/v2\/pages"}],"about":[{"href":"https:\/\/humildadsevillaeste.es\/index.php?rest_route=\/wp\/v2\/types\/page"}],"author":[{"embeddable":true,"href":"https:\/\/humildadsevillaeste.es\/index.php?rest_route=\/wp\/v2\/users\/1"}],"replies":[{"embeddable":true,"href":"https:\/\/humildadsevillaeste.es\/index.php?rest_route=%2Fwp%2Fv2%2Fcomments&post=8"}],"version-history":[{"count":46,"href":"https:\/\/humildadsevillaeste.es\/index.php?rest_route=\/wp\/v2\/pages\/8\/revisions"}],"predecessor-version":[{"id":1581,"href":"https:\/\/humildadsevillaeste.es\/index.php?rest_route=\/wp\/v2\/pages\/8\/revisions\/1581"}],"wp:attachment":[{"href":"https:\/\/humildadsevillaeste.es\/index.php?rest_route=%2Fwp%2Fv2%2Fmedia&parent=8"}],"curies":[{"name":"wp","href":"https:\/\/api.w.org\/{rel}","templated":true}]}}