{"id":38,"date":"2025-05-28T07:28:06","date_gmt":"2025-05-28T07:28:06","guid":{"rendered":"https:\/\/humildadsevillaeste.es\/?page_id=38"},"modified":"2025-10-06T11:31:47","modified_gmt":"2025-10-06T11:31:47","slug":"galeria","status":"publish","type":"page","link":"https:\/\/humildadsevillaeste.es\/?page_id=38","title":{"rendered":"Galer\u00eda"},"content":{"rendered":"\t\t<div data-elementor-type=\"wp-page\" data-elementor-id=\"38\" class=\"elementor elementor-38\" data-elementor-post-type=\"page\">\n\t\t\t\t<div class=\"elementor-element elementor-element-a436abb e-flex e-con-boxed e-con e-parent\" data-id=\"a436abb\" data-element_type=\"container\" data-e-type=\"container\">\n\t\t\t\t\t<div class=\"e-con-inner\">\n\t\t\t\t<div class=\"elementor-element elementor-element-776f779 elementor-widget elementor-widget-heading\" data-id=\"776f779\" data-element_type=\"widget\" data-e-type=\"widget\" data-widget_type=\"heading.default\">\n\t\t\t\t\t<h2 class=\"elementor-heading-title elementor-size-default\"><u>S\u00c1BADO DE PASI\u00d3N<\/u><\/h2>\t\t\t\t<\/div>\n\t\t\t\t<div class=\"elementor-element elementor-element-70c0953 elementor-invisible elementor-widget elementor-widget-image\" data-id=\"70c0953\" data-element_type=\"widget\" data-e-type=\"widget\" data-settings=\"{&quot;_animation&quot;:&quot;fadeInRight&quot;}\" data-widget_type=\"image.default\">\n\t\t\t\t\t\t\t\t\t\t\t\t\t\t\t\t<a href=\"https:\/\/humildadsevillaeste.es\/?page_id=930\">\n\t\t\t\t\t\t\t<img fetchpriority=\"high\" decoding=\"async\" width=\"500\" height=\"200\" src=\"https:\/\/humildadsevillaeste.es\/wp-content\/uploads\/2025\/09\/Copia-de-HAZTE-HERMANO.jpg\" class=\"elementor-animation-grow attachment-medium_large size-medium_large wp-image-1488\" alt=\"\" srcset=\"https:\/\/humildadsevillaeste.es\/wp-content\/uploads\/2025\/09\/Copia-de-HAZTE-HERMANO.jpg 500w, https:\/\/humildadsevillaeste.es\/wp-content\/uploads\/2025\/09\/Copia-de-HAZTE-HERMANO-300x120.jpg 300w\" sizes=\"(max-width: 500px) 100vw, 500px\" \/>\t\t\t\t\t\t\t\t<\/a>\n\t\t\t\t\t\t\t\t\t\t\t\t\t\t\t<\/div>\n\t\t\t\t<div class=\"elementor-element elementor-element-ddcb0a6 elementor-invisible elementor-widget elementor-widget-image\" data-id=\"ddcb0a6\" data-element_type=\"widget\" data-e-type=\"widget\" data-settings=\"{&quot;_animation&quot;:&quot;fadeInRight&quot;}\" data-widget_type=\"image.default\">\n\t\t\t\t\t\t\t\t\t\t\t\t\t\t\t\t<a href=\"https:\/\/humildadsevillaeste.es\/?page_id=50\">\n\t\t\t\t\t\t\t<img decoding=\"async\" width=\"500\" height=\"200\" src=\"https:\/\/humildadsevillaeste.es\/wp-content\/uploads\/2025\/09\/HAZTE-HERMANO-8.jpg\" class=\"elementor-animation-grow attachment-medium_large size-medium_large wp-image-1347\" alt=\"\" srcset=\"https:\/\/humildadsevillaeste.es\/wp-content\/uploads\/2025\/09\/HAZTE-HERMANO-8.jpg 500w, https:\/\/humildadsevillaeste.es\/wp-content\/uploads\/2025\/09\/HAZTE-HERMANO-8-300x120.jpg 300w\" sizes=\"(max-width: 500px) 100vw, 500px\" \/>\t\t\t\t\t\t\t\t<\/a>\n\t\t\t\t\t\t\t\t\t\t\t\t\t\t\t<\/div>\n\t\t\t\t<div class=\"elementor-element elementor-element-60404d3 elementor-invisible elementor-widget elementor-widget-image\" data-id=\"60404d3\" data-element_type=\"widget\" data-e-type=\"widget\" data-settings=\"{&quot;_animation&quot;:&quot;fadeInRight&quot;}\" data-widget_type=\"image.default\">\n\t\t\t\t\t\t\t\t\t\t\t\t\t\t\t\t<a href=\"https:\/\/humildadsevillaeste.es\/?page_id=48\">\n\t\t\t\t\t\t\t<img decoding=\"async\" width=\"500\" height=\"200\" src=\"https:\/\/humildadsevillaeste.es\/wp-content\/uploads\/2025\/09\/HAZTE-HERMANO-7.jpg\" class=\"elementor-animation-grow attachment-medium_large size-medium_large wp-image-1343\" alt=\"\" srcset=\"https:\/\/humildadsevillaeste.es\/wp-content\/uploads\/2025\/09\/HAZTE-HERMANO-7.jpg 500w, https:\/\/humildadsevillaeste.es\/wp-content\/uploads\/2025\/09\/HAZTE-HERMANO-7-300x120.jpg 300w\" sizes=\"(max-width: 500px) 100vw, 500px\" \/>\t\t\t\t\t\t\t\t<\/a>\n\t\t\t\t\t\t\t\t\t\t\t\t\t\t\t<\/div>\n\t\t\t\t\t<\/div>\n\t\t\t\t<\/div>\n\t\t<div class=\"elementor-element elementor-element-0001d44 e-flex e-con-boxed e-con e-parent\" data-id=\"0001d44\" data-element_type=\"container\" data-e-type=\"container\">\n\t\t\t\t\t<div class=\"e-con-inner\">\n\t\t\t\t<div class=\"elementor-element elementor-element-48a5ede elementor-widget elementor-widget-heading\" data-id=\"48a5ede\" data-element_type=\"widget\" data-e-type=\"widget\" data-widget_type=\"heading.default\">\n\t\t\t\t\t<h2 class=\"elementor-heading-title elementor-size-default\"><u>ROSARIO NTRA SRA DE LOS \u00c1NGELES<\/u><\/h2>\t\t\t\t<\/div>\n\t\t\t\t\t<\/div>\n\t\t\t\t<\/div>\n\t\t<div class=\"elementor-element elementor-element-3715508 e-flex e-con-boxed e-con e-parent\" data-id=\"3715508\" data-element_type=\"container\" data-e-type=\"container\">\n\t\t\t\t\t<div class=\"e-con-inner\">\n\t\t\t\t<div class=\"elementor-element elementor-element-e61328e elementor-invisible elementor-widget elementor-widget-image\" data-id=\"e61328e\" data-element_type=\"widget\" data-e-type=\"widget\" data-settings=\"{&quot;_animation&quot;:&quot;fadeInLeft&quot;}\" data-widget_type=\"image.default\">\n\t\t\t\t\t\t\t\t\t\t\t\t\t\t\t\t<a href=\"https:\/\/humildadsevillaeste.es\/?page_id=46\">\n\t\t\t\t\t\t\t<img loading=\"lazy\" decoding=\"async\" width=\"500\" height=\"200\" src=\"https:\/\/humildadsevillaeste.es\/wp-content\/uploads\/2025\/09\/HAZTE-HERMANO-10.jpg\" class=\"elementor-animation-grow attachment-medium_large size-medium_large wp-image-1355\" alt=\"\" srcset=\"https:\/\/humildadsevillaeste.es\/wp-content\/uploads\/2025\/09\/HAZTE-HERMANO-10.jpg 500w, https:\/\/humildadsevillaeste.es\/wp-content\/uploads\/2025\/09\/HAZTE-HERMANO-10-300x120.jpg 300w\" sizes=\"(max-width: 500px) 100vw, 500px\" \/>\t\t\t\t\t\t\t\t<\/a>\n\t\t\t\t\t\t\t\t\t\t\t\t\t\t\t<\/div>\n\t\t\t\t<div class=\"elementor-element elementor-element-fce2ca4 elementor-invisible elementor-widget elementor-widget-image\" data-id=\"fce2ca4\" data-element_type=\"widget\" data-e-type=\"widget\" data-settings=\"{&quot;_animation&quot;:&quot;fadeInLeft&quot;}\" data-widget_type=\"image.default\">\n\t\t\t\t\t\t\t\t\t\t\t\t\t\t\t\t<a href=\"https:\/\/humildadsevillaeste.es\/?page_id=44\">\n\t\t\t\t\t\t\t<img loading=\"lazy\" decoding=\"async\" width=\"500\" height=\"200\" src=\"https:\/\/humildadsevillaeste.es\/wp-content\/uploads\/2025\/09\/HAZTE-HERMANO-11.jpg\" class=\"elementor-animation-grow attachment-medium_large size-medium_large wp-image-1357\" alt=\"\" srcset=\"https:\/\/humildadsevillaeste.es\/wp-content\/uploads\/2025\/09\/HAZTE-HERMANO-11.jpg 500w, https:\/\/humildadsevillaeste.es\/wp-content\/uploads\/2025\/09\/HAZTE-HERMANO-11-300x120.jpg 300w\" sizes=\"(max-width: 500px) 100vw, 500px\" \/>\t\t\t\t\t\t\t\t<\/a>\n\t\t\t\t\t\t\t\t\t\t\t\t\t\t\t<\/div>\n\t\t\t\t\t<\/div>\n\t\t\t\t<\/div>\n\t\t\t\t<\/div>\n\t\t","protected":false},"excerpt":{"rendered":"<p>S\u00c1BADO DE PASI\u00d3N ROSARIO NTRA SRA DE LOS \u00c1NGELES<\/p>\n","protected":false},"author":1,"featured_media":0,"parent":0,"menu_order":0,"comment_status":"closed","ping_status":"closed","template":"","meta":{"site-sidebar-layout":"no-sidebar","site-content-layout":"","ast-site-content-layout":"full-width-container","site-content-style":"default","site-sidebar-style":"default","ast-global-header-display":"","ast-banner-title-visibility":"","ast-main-header-display":"","ast-hfb-above-header-display":"","ast-hfb-below-header-display":"","ast-hfb-mobile-header-display":"","site-post-title":"","ast-breadcrumbs-content":"","ast-featured-img":"disabled","footer-sml-layout":"","ast-disable-related-posts":"","theme-transparent-header-meta":"","adv-header-id-meta":"","stick-header-meta":"","header-above-stick-meta":"","header-main-stick-meta":"","header-below-stick-meta":"","astra-migrate-meta-layouts":"default","ast-page-background-enabled":"default","ast-page-background-meta":{"desktop":{"background-color":"var(--ast-global-color-5)","background-image":"","background-repeat":"repeat","background-position":"center center","background-size":"auto","background-attachment":"scroll","background-type":"","background-media":"","overlay-type":"","overlay-color":"","overlay-opacity":"","overlay-gradient":""},"tablet":{"background-color":"","background-image":"","background-repeat":"repeat","background-position":"center center","background-size":"auto","background-attachment":"scroll","background-type":"","background-media":"","overlay-type":"","overlay-color":"","overlay-opacity":"","overlay-gradient":""},"mobile":{"background-color":"","background-image":"","background-repeat":"repeat","background-position":"center center","background-size":"auto","background-attachment":"scroll","background-type":"","background-media":"","overlay-type":"","overlay-color":"","overlay-opacity":"","overlay-gradient":""}},"ast-content-background-meta":{"desktop":{"background-color":"var(--ast-global-color-4)","background-image":"","background-repeat":"repeat","background-position":"center center","background-size":"auto","background-attachment":"scroll","background-type":"","background-media":"","overlay-type":"","overlay-color":"","overlay-opacity":"","overlay-gradient":""},"tablet":{"background-color":"var(--ast-global-color-4)","background-image":"","background-repeat":"repeat","background-position":"center center","background-size":"auto","background-attachment":"scroll","background-type":"","background-media":"","overlay-type":"","overlay-color":"","overlay-opacity":"","overlay-gradient":""},"mobile":{"background-color":"var(--ast-global-color-4)","background-image":"","background-repeat":"repeat","background-position":"center center","background-size":"auto","background-attachment":"scroll","background-type":"","background-media":"","overlay-type":"","overlay-color":"","overlay-opacity":"","overlay-gradient":""}},"footnotes":""},"class_list":["post-38","page","type-page","status-publish","hentry"],"_links":{"self":[{"href":"https:\/\/humildadsevillaeste.es\/index.php?rest_route=\/wp\/v2\/pages\/38","targetHints":{"allow":["GET"]}}],"collection":[{"href":"https:\/\/humildadsevillaeste.es\/index.php?rest_route=\/wp\/v2\/pages"}],"about":[{"href":"https:\/\/humildadsevillaeste.es\/index.php?rest_route=\/wp\/v2\/types\/page"}],"author":[{"embeddable":true,"href":"https:\/\/humildadsevillaeste.es\/index.php?rest_route=\/wp\/v2\/users\/1"}],"replies":[{"embeddable":true,"href":"https:\/\/humildadsevillaeste.es\/index.php?rest_route=%2Fwp%2Fv2%2Fcomments&post=38"}],"version-history":[{"count":124,"href":"https:\/\/humildadsevillaeste.es\/index.php?rest_route=\/wp\/v2\/pages\/38\/revisions"}],"predecessor-version":[{"id":1679,"href":"https:\/\/humildadsevillaeste.es\/index.php?rest_route=\/wp\/v2\/pages\/38\/revisions\/1679"}],"wp:attachment":[{"href":"https:\/\/humildadsevillaeste.es\/index.php?rest_route=%2Fwp%2Fv2%2Fmedia&parent=38"}],"curies":[{"name":"wp","href":"https:\/\/api.w.org\/{rel}","templated":true}]}}