{"id":35,"date":"2025-05-28T07:27:33","date_gmt":"2025-05-28T07:27:33","guid":{"rendered":"https:\/\/humildadsevillaeste.es\/?page_id=35"},"modified":"2025-09-01T18:43:52","modified_gmt":"2025-09-01T18:43:52","slug":"papeleta-de-sitio","status":"publish","type":"page","link":"https:\/\/humildadsevillaeste.es\/?page_id=35","title":{"rendered":"Papeletas de Sitio"},"content":{"rendered":"\t\t<div data-elementor-type=\"wp-page\" data-elementor-id=\"35\" class=\"elementor elementor-35\" data-elementor-post-type=\"page\">\n\t\t\t\t<div class=\"elementor-element elementor-element-daf5a19 e-flex e-con-boxed e-con e-parent\" data-id=\"daf5a19\" data-element_type=\"container\" data-e-type=\"container\">\n\t\t\t\t\t<div class=\"e-con-inner\">\n\t\t\t\t<div class=\"elementor-element elementor-element-4a3de71 elementor-widget elementor-widget-heading\" data-id=\"4a3de71\" data-element_type=\"widget\" data-e-type=\"widget\" data-widget_type=\"heading.default\">\n\t\t\t\t\t<h2 class=\"elementor-heading-title elementor-size-default\">Papeletas de Sitio<\/h2>\t\t\t\t<\/div>\n\t\t\t\t\t<\/div>\n\t\t\t\t<\/div>\n\t\t<div class=\"elementor-element elementor-element-c43aebf e-flex e-con-boxed e-con e-parent\" data-id=\"c43aebf\" data-element_type=\"container\" data-e-type=\"container\">\n\t\t\t\t\t<div class=\"e-con-inner\">\n\t\t<div class=\"elementor-element elementor-element-ef13d8a e-con-full e-flex e-con e-child\" data-id=\"ef13d8a\" data-element_type=\"container\" data-e-type=\"container\">\n\t\t\t\t<div class=\"elementor-element elementor-element-0998ef8 elementor-widget elementor-widget-image\" data-id=\"0998ef8\" data-element_type=\"widget\" data-e-type=\"widget\" data-widget_type=\"image.default\">\n\t\t\t\t\t\t\t\t\t\t\t\t\t\t\t<img fetchpriority=\"high\" decoding=\"async\" width=\"2560\" height=\"1831\" src=\"https:\/\/humildadsevillaeste.es\/wp-content\/uploads\/2025\/09\/PAPELETA-scaled.jpg\" class=\"attachment-full size-full wp-image-623\" alt=\"\" srcset=\"https:\/\/humildadsevillaeste.es\/wp-content\/uploads\/2025\/09\/PAPELETA-scaled.jpg 2560w, https:\/\/humildadsevillaeste.es\/wp-content\/uploads\/2025\/09\/PAPELETA-300x215.jpg 300w, https:\/\/humildadsevillaeste.es\/wp-content\/uploads\/2025\/09\/PAPELETA-1024x733.jpg 1024w, https:\/\/humildadsevillaeste.es\/wp-content\/uploads\/2025\/09\/PAPELETA-768x549.jpg 768w, https:\/\/humildadsevillaeste.es\/wp-content\/uploads\/2025\/09\/PAPELETA-1536x1099.jpg 1536w, https:\/\/humildadsevillaeste.es\/wp-content\/uploads\/2025\/09\/PAPELETA-2048x1465.jpg 2048w\" sizes=\"(max-width: 2560px) 100vw, 2560px\" \/>\t\t\t\t\t\t\t\t\t\t\t\t\t\t\t<\/div>\n\t\t\t\t<div class=\"elementor-element elementor-element-dfae725 elementor-widget elementor-widget-heading\" data-id=\"dfae725\" data-element_type=\"widget\" data-e-type=\"widget\" data-widget_type=\"heading.default\">\n\t\t\t\t\t<h2 class=\"elementor-heading-title elementor-size-default\">A\u00f1o 2025<\/h2>\t\t\t\t<\/div>\n\t\t\t\t<\/div>\n\t\t<div class=\"elementor-element elementor-element-226d041 e-con-full e-flex e-con e-child\" data-id=\"226d041\" data-element_type=\"container\" data-e-type=\"container\">\n\t\t\t\t<div class=\"elementor-element elementor-element-558ceb6 elementor-widget elementor-widget-image\" data-id=\"558ceb6\" data-element_type=\"widget\" data-e-type=\"widget\" data-widget_type=\"image.default\">\n\t\t\t\t\t\t\t\t\t\t\t\t\t\t\t<img decoding=\"async\" width=\"2048\" height=\"1571\" src=\"https:\/\/humildadsevillaeste.es\/wp-content\/uploads\/2025\/05\/2024.-papeleta-de-sitio-OK-copia-2048x1571.jpg\" class=\"attachment-2048x2048 size-2048x2048 wp-image-100\" alt=\"\" srcset=\"https:\/\/humildadsevillaeste.es\/wp-content\/uploads\/2025\/05\/2024.-papeleta-de-sitio-OK-copia-2048x1571.jpg 2048w, https:\/\/humildadsevillaeste.es\/wp-content\/uploads\/2025\/05\/2024.-papeleta-de-sitio-OK-copia-300x230.jpg 300w, https:\/\/humildadsevillaeste.es\/wp-content\/uploads\/2025\/05\/2024.-papeleta-de-sitio-OK-copia-1024x785.jpg 1024w, https:\/\/humildadsevillaeste.es\/wp-content\/uploads\/2025\/05\/2024.-papeleta-de-sitio-OK-copia-768x589.jpg 768w, https:\/\/humildadsevillaeste.es\/wp-content\/uploads\/2025\/05\/2024.-papeleta-de-sitio-OK-copia-1536x1178.jpg 1536w\" sizes=\"(max-width: 2048px) 100vw, 2048px\" \/>\t\t\t\t\t\t\t\t\t\t\t\t\t\t\t<\/div>\n\t\t\t\t<div class=\"elementor-element elementor-element-70fa75e elementor-widget elementor-widget-heading\" data-id=\"70fa75e\" data-element_type=\"widget\" data-e-type=\"widget\" data-widget_type=\"heading.default\">\n\t\t\t\t\t<h2 class=\"elementor-heading-title elementor-size-default\">A\u00f1o 2024<\/h2>\t\t\t\t<\/div>\n\t\t\t\t<\/div>\n\t\t<div class=\"elementor-element elementor-element-904472b e-con-full e-flex e-con e-child\" data-id=\"904472b\" data-element_type=\"container\" data-e-type=\"container\">\n\t\t\t\t<div class=\"elementor-element elementor-element-cd2ef17 elementor-widget elementor-widget-image\" data-id=\"cd2ef17\" data-element_type=\"widget\" data-e-type=\"widget\" data-widget_type=\"image.default\">\n\t\t\t\t\t\t\t\t\t\t\t\t\t\t\t<img decoding=\"async\" width=\"2560\" height=\"1963\" src=\"https:\/\/humildadsevillaeste.es\/wp-content\/uploads\/2025\/05\/2021.-papeleta-de-sitio-AFH2-v3-scaled.jpg\" class=\"attachment-full size-full wp-image-99\" alt=\"\" srcset=\"https:\/\/humildadsevillaeste.es\/wp-content\/uploads\/2025\/05\/2021.-papeleta-de-sitio-AFH2-v3-scaled.jpg 2560w, https:\/\/humildadsevillaeste.es\/wp-content\/uploads\/2025\/05\/2021.-papeleta-de-sitio-AFH2-v3-300x230.jpg 300w, https:\/\/humildadsevillaeste.es\/wp-content\/uploads\/2025\/05\/2021.-papeleta-de-sitio-AFH2-v3-1024x785.jpg 1024w, https:\/\/humildadsevillaeste.es\/wp-content\/uploads\/2025\/05\/2021.-papeleta-de-sitio-AFH2-v3-768x589.jpg 768w, https:\/\/humildadsevillaeste.es\/wp-content\/uploads\/2025\/05\/2021.-papeleta-de-sitio-AFH2-v3-1536x1178.jpg 1536w, https:\/\/humildadsevillaeste.es\/wp-content\/uploads\/2025\/05\/2021.-papeleta-de-sitio-AFH2-v3-2048x1571.jpg 2048w\" sizes=\"(max-width: 2560px) 100vw, 2560px\" \/>\t\t\t\t\t\t\t\t\t\t\t\t\t\t\t<\/div>\n\t\t\t\t<div class=\"elementor-element elementor-element-87089de elementor-widget elementor-widget-heading\" data-id=\"87089de\" data-element_type=\"widget\" data-e-type=\"widget\" data-widget_type=\"heading.default\">\n\t\t\t\t\t<h2 class=\"elementor-heading-title elementor-size-default\">A\u00f1o 2023<\/h2>\t\t\t\t<\/div>\n\t\t\t\t<\/div>\n\t\t\t\t\t<\/div>\n\t\t\t\t<\/div>\n\t\t\t\t<\/div>\n\t\t","protected":false},"excerpt":{"rendered":"<p>Papeletas de Sitio A\u00f1o 2025 A\u00f1o 2024 A\u00f1o 2023<\/p>\n","protected":false},"author":1,"featured_media":0,"parent":0,"menu_order":0,"comment_status":"closed","ping_status":"closed","template":"","meta":{"site-sidebar-layout":"no-sidebar","site-content-layout":"","ast-site-content-layout":"full-width-container","site-content-style":"default","site-sidebar-style":"default","ast-global-header-display":"","ast-banner-title-visibility":"","ast-main-header-display":"","ast-hfb-above-header-display":"","ast-hfb-below-header-display":"","ast-hfb-mobile-header-display":"","site-post-title":"disabled","ast-breadcrumbs-content":"","ast-featured-img":"disabled","footer-sml-layout":"","ast-disable-related-posts":"","theme-transparent-header-meta":"","adv-header-id-meta":"","stick-header-meta":"","header-above-stick-meta":"","header-main-stick-meta":"","header-below-stick-meta":"","astra-migrate-meta-layouts":"default","ast-page-background-enabled":"default","ast-page-background-meta":{"desktop":{"background-color":"var(--ast-global-color-5)","background-image":"","background-repeat":"repeat","background-position":"center center","background-size":"auto","background-attachment":"scroll","background-type":"","background-media":"","overlay-type":"","overlay-color":"","overlay-opacity":"","overlay-gradient":""},"tablet":{"background-color":"","background-image":"","background-repeat":"repeat","background-position":"center center","background-size":"auto","background-attachment":"scroll","background-type":"","background-media":"","overlay-type":"","overlay-color":"","overlay-opacity":"","overlay-gradient":""},"mobile":{"background-color":"","background-image":"","background-repeat":"repeat","background-position":"center center","background-size":"auto","background-attachment":"scroll","background-type":"","background-media":"","overlay-type":"","overlay-color":"","overlay-opacity":"","overlay-gradient":""}},"ast-content-background-meta":{"desktop":{"background-color":"var(--ast-global-color-4)","background-image":"","background-repeat":"repeat","background-position":"center center","background-size":"auto","background-attachment":"scroll","background-type":"","background-media":"","overlay-type":"","overlay-color":"","overlay-opacity":"","overlay-gradient":""},"tablet":{"background-color":"var(--ast-global-color-4)","background-image":"","background-repeat":"repeat","background-position":"center center","background-size":"auto","background-attachment":"scroll","background-type":"","background-media":"","overlay-type":"","overlay-color":"","overlay-opacity":"","overlay-gradient":""},"mobile":{"background-color":"var(--ast-global-color-4)","background-image":"","background-repeat":"repeat","background-position":"center center","background-size":"auto","background-attachment":"scroll","background-type":"","background-media":"","overlay-type":"","overlay-color":"","overlay-opacity":"","overlay-gradient":""}},"footnotes":""},"class_list":["post-35","page","type-page","status-publish","hentry"],"_links":{"self":[{"href":"https:\/\/humildadsevillaeste.es\/index.php?rest_route=\/wp\/v2\/pages\/35","targetHints":{"allow":["GET"]}}],"collection":[{"href":"https:\/\/humildadsevillaeste.es\/index.php?rest_route=\/wp\/v2\/pages"}],"about":[{"href":"https:\/\/humildadsevillaeste.es\/index.php?rest_route=\/wp\/v2\/types\/page"}],"author":[{"embeddable":true,"href":"https:\/\/humildadsevillaeste.es\/index.php?rest_route=\/wp\/v2\/users\/1"}],"replies":[{"embeddable":true,"href":"https:\/\/humildadsevillaeste.es\/index.php?rest_route=%2Fwp%2Fv2%2Fcomments&post=35"}],"version-history":[{"count":14,"href":"https:\/\/humildadsevillaeste.es\/index.php?rest_route=\/wp\/v2\/pages\/35\/revisions"}],"predecessor-version":[{"id":626,"href":"https:\/\/humildadsevillaeste.es\/index.php?rest_route=\/wp\/v2\/pages\/35\/revisions\/626"}],"wp:attachment":[{"href":"https:\/\/humildadsevillaeste.es\/index.php?rest_route=%2Fwp%2Fv2%2Fmedia&parent=35"}],"curies":[{"name":"wp","href":"https:\/\/api.w.org\/{rel}","templated":true}]}}