{"id":23,"date":"2025-05-28T07:26:20","date_gmt":"2025-05-28T07:26:20","guid":{"rendered":"https:\/\/humildadsevillaeste.es\/?page_id=23"},"modified":"2025-09-03T09:18:40","modified_gmt":"2025-09-03T09:18:40","slug":"cultos-y-formacion","status":"publish","type":"page","link":"https:\/\/humildadsevillaeste.es\/?page_id=23","title":{"rendered":"Cultos y Formaci\u00f3n"},"content":{"rendered":"\t\t<div data-elementor-type=\"wp-page\" data-elementor-id=\"23\" class=\"elementor elementor-23\" data-elementor-post-type=\"page\">\n\t\t\t\t<div class=\"elementor-element elementor-element-0cb5bc1 e-flex e-con-boxed e-con e-parent\" data-id=\"0cb5bc1\" data-element_type=\"container\" data-e-type=\"container\">\n\t\t\t\t\t<div class=\"e-con-inner\">\n\t\t\t\t<div class=\"elementor-element elementor-element-0d39a58 elementor-widget elementor-widget-heading\" data-id=\"0d39a58\" data-element_type=\"widget\" data-e-type=\"widget\" data-widget_type=\"heading.default\">\n\t\t\t\t\t<h2 class=\"elementor-heading-title elementor-size-default\">Cultos Y formaci\u00f3n<\/h2>\t\t\t\t<\/div>\n\t\t\t\t<div class=\"elementor-element elementor-element-50c1d2e elementor-widget elementor-widget-text-editor\" data-id=\"50c1d2e\" data-element_type=\"widget\" data-e-type=\"widget\" data-widget_type=\"text-editor.default\">\n\t\t\t\t\t\t\t\t\t<p data-start=\"122\" data-end=\"403\">Los Cultos, la Formaci\u00f3n y la Caridad constituyen los tres pilares fundamentales sobre los que debe asentarse la vida cristiana de nuestra Agrupaci\u00f3n. La vida de hermandad requiere una participaci\u00f3n peri\u00f3dica y constante, que nos ayude a avanzar en nuestro acercamiento a Dios.<\/p><p data-start=\"405\" data-end=\"760\">Desde esta Diputaci\u00f3n de Cultos y Formaci\u00f3n os animamos a participar activamente en los cultos internos y externos, as\u00ed como en las misas de Hermandad que celebramos los \u00faltimos jueves de cada mes. La formaci\u00f3n es una necesidad b\u00e1sica en nuestra vida cristiana, pues nos permite crecer en conocimientos lit\u00fargicos y profundizar en nuestra vida espiritual.<\/p><p data-start=\"762\" data-end=\"1161\">Animamos igualmente a la integraci\u00f3n de la juventud de nuestra Agrupaci\u00f3n en el cuerpo de ac\u00f3litos, cada vez m\u00e1s consolidado y abierto a todos los j\u00f3venes que deseen formar parte de \u00e9l. Asimismo, se ha creado un grupo de lectores en la misa dominical de las 12:30 horas, abierto a todas las personas de la Agrupaci\u00f3n y de la Parroquia que quieran proclamar la Palabra de Dios y vivir ese privilegio.<\/p><p data-start=\"1163\" data-end=\"1415\">Para inscribirse en dichos grupos y participar m\u00e1s activamente en esta Diputaci\u00f3n de Cultos, pod\u00e9is rellenar el formulario de contacto o bien escribir al correo electr\u00f3nico de nuestra Agrupaci\u00f3n Parroquial: <span style=\"font-size: 16px;\">\u00a0<\/span><a style=\"font-size: 16px; background-color: #ffffff;\" href=\"mailto:agrupacionparroquialhumildad@gmail.com\">agrupacionparroquialhumildad@gmail.com<\/a><\/p>\t\t\t\t\t\t\t\t<\/div>\n\t\t<div class=\"elementor-element elementor-element-b2f713e e-con-full e-flex e-con e-child\" data-id=\"b2f713e\" data-element_type=\"container\" data-e-type=\"container\">\n\t\t\t\t<div class=\"elementor-element elementor-element-1958b51 elementor-widget elementor-widget-image\" data-id=\"1958b51\" data-element_type=\"widget\" data-e-type=\"widget\" data-widget_type=\"image.default\">\n\t\t\t\t\t\t\t\t\t\t\t\t\t\t\t<img fetchpriority=\"high\" decoding=\"async\" width=\"768\" height=\"512\" src=\"https:\/\/humildadsevillaeste.es\/wp-content\/uploads\/2025\/09\/1000079299-768x512.jpg\" class=\"attachment-medium_large size-medium_large wp-image-1206\" alt=\"\" srcset=\"https:\/\/humildadsevillaeste.es\/wp-content\/uploads\/2025\/09\/1000079299-768x512.jpg 768w, https:\/\/humildadsevillaeste.es\/wp-content\/uploads\/2025\/09\/1000079299-300x200.jpg 300w, https:\/\/humildadsevillaeste.es\/wp-content\/uploads\/2025\/09\/1000079299-1024x683.jpg 1024w, https:\/\/humildadsevillaeste.es\/wp-content\/uploads\/2025\/09\/1000079299-391x260.jpg 391w, https:\/\/humildadsevillaeste.es\/wp-content\/uploads\/2025\/09\/1000079299-1536x1024.jpg 1536w, https:\/\/humildadsevillaeste.es\/wp-content\/uploads\/2025\/09\/1000079299-2048x1365.jpg 2048w\" sizes=\"(max-width: 768px) 100vw, 768px\" \/>\t\t\t\t\t\t\t\t\t\t\t\t\t\t\t<\/div>\n\t\t\t\t<\/div>\n\t\t<div class=\"elementor-element elementor-element-c54c2ab e-con-full e-flex e-con e-child\" data-id=\"c54c2ab\" data-element_type=\"container\" data-e-type=\"container\">\n\t\t\t\t<div class=\"elementor-element elementor-element-253d81b elementor-widget elementor-widget-image\" data-id=\"253d81b\" data-element_type=\"widget\" data-e-type=\"widget\" data-widget_type=\"image.default\">\n\t\t\t\t\t\t\t\t\t\t\t\t\t\t\t<img decoding=\"async\" width=\"768\" height=\"512\" src=\"https:\/\/humildadsevillaeste.es\/wp-content\/uploads\/2025\/09\/AngeJoseRuizCalafat-05850-acol-768x512.jpg\" class=\"attachment-medium_large size-medium_large wp-image-1181\" alt=\"\" srcset=\"https:\/\/humildadsevillaeste.es\/wp-content\/uploads\/2025\/09\/AngeJoseRuizCalafat-05850-acol-768x512.jpg 768w, https:\/\/humildadsevillaeste.es\/wp-content\/uploads\/2025\/09\/AngeJoseRuizCalafat-05850-acol-300x200.jpg 300w, https:\/\/humildadsevillaeste.es\/wp-content\/uploads\/2025\/09\/AngeJoseRuizCalafat-05850-acol-1024x683.jpg 1024w, https:\/\/humildadsevillaeste.es\/wp-content\/uploads\/2025\/09\/AngeJoseRuizCalafat-05850-acol-391x260.jpg 391w, https:\/\/humildadsevillaeste.es\/wp-content\/uploads\/2025\/09\/AngeJoseRuizCalafat-05850-acol-1536x1024.jpg 1536w, https:\/\/humildadsevillaeste.es\/wp-content\/uploads\/2025\/09\/AngeJoseRuizCalafat-05850-acol-2048x1365.jpg 2048w\" sizes=\"(max-width: 768px) 100vw, 768px\" \/>\t\t\t\t\t\t\t\t\t\t\t\t\t\t\t<\/div>\n\t\t\t\t<\/div>\n\t\t\t\t\t<\/div>\n\t\t\t\t<\/div>\n\t\t\t\t<\/div>\n\t\t","protected":false},"excerpt":{"rendered":"<p>Cultos Y formaci\u00f3n Los Cultos, la Formaci\u00f3n y la Caridad constituyen los tres pilares fundamentales sobre los que debe asentarse [&hellip;]<\/p>\n","protected":false},"author":1,"featured_media":0,"parent":0,"menu_order":0,"comment_status":"closed","ping_status":"closed","template":"","meta":{"site-sidebar-layout":"no-sidebar","site-content-layout":"","ast-site-content-layout":"full-width-container","site-content-style":"default","site-sidebar-style":"default","ast-global-header-display":"","ast-banner-title-visibility":"","ast-main-header-display":"","ast-hfb-above-header-display":"","ast-hfb-below-header-display":"","ast-hfb-mobile-header-display":"","site-post-title":"disabled","ast-breadcrumbs-content":"","ast-featured-img":"disabled","footer-sml-layout":"","ast-disable-related-posts":"","theme-transparent-header-meta":"","adv-header-id-meta":"","stick-header-meta":"","header-above-stick-meta":"","header-main-stick-meta":"","header-below-stick-meta":"","astra-migrate-meta-layouts":"default","ast-page-background-enabled":"default","ast-page-background-meta":{"desktop":{"background-color":"var(--ast-global-color-5)","background-image":"","background-repeat":"repeat","background-position":"center center","background-size":"auto","background-attachment":"scroll","background-type":"","background-media":"","overlay-type":"","overlay-color":"","overlay-opacity":"","overlay-gradient":""},"tablet":{"background-color":"","background-image":"","background-repeat":"repeat","background-position":"center center","background-size":"auto","background-attachment":"scroll","background-type":"","background-media":"","overlay-type":"","overlay-color":"","overlay-opacity":"","overlay-gradient":""},"mobile":{"background-color":"","background-image":"","background-repeat":"repeat","background-position":"center center","background-size":"auto","background-attachment":"scroll","background-type":"","background-media":"","overlay-type":"","overlay-color":"","overlay-opacity":"","overlay-gradient":""}},"ast-content-background-meta":{"desktop":{"background-color":"var(--ast-global-color-4)","background-image":"","background-repeat":"repeat","background-position":"center center","background-size":"auto","background-attachment":"scroll","background-type":"","background-media":"","overlay-type":"","overlay-color":"","overlay-opacity":"","overlay-gradient":""},"tablet":{"background-color":"var(--ast-global-color-4)","background-image":"","background-repeat":"repeat","background-position":"center center","background-size":"auto","background-attachment":"scroll","background-type":"","background-media":"","overlay-type":"","overlay-color":"","overlay-opacity":"","overlay-gradient":""},"mobile":{"background-color":"var(--ast-global-color-4)","background-image":"","background-repeat":"repeat","background-position":"center center","background-size":"auto","background-attachment":"scroll","background-type":"","background-media":"","overlay-type":"","overlay-color":"","overlay-opacity":"","overlay-gradient":""}},"footnotes":""},"class_list":["post-23","page","type-page","status-publish","hentry"],"_links":{"self":[{"href":"https:\/\/humildadsevillaeste.es\/index.php?rest_route=\/wp\/v2\/pages\/23","targetHints":{"allow":["GET"]}}],"collection":[{"href":"https:\/\/humildadsevillaeste.es\/index.php?rest_route=\/wp\/v2\/pages"}],"about":[{"href":"https:\/\/humildadsevillaeste.es\/index.php?rest_route=\/wp\/v2\/types\/page"}],"author":[{"embeddable":true,"href":"https:\/\/humildadsevillaeste.es\/index.php?rest_route=\/wp\/v2\/users\/1"}],"replies":[{"embeddable":true,"href":"https:\/\/humildadsevillaeste.es\/index.php?rest_route=%2Fwp%2Fv2%2Fcomments&post=23"}],"version-history":[{"count":16,"href":"https:\/\/humildadsevillaeste.es\/index.php?rest_route=\/wp\/v2\/pages\/23\/revisions"}],"predecessor-version":[{"id":1210,"href":"https:\/\/humildadsevillaeste.es\/index.php?rest_route=\/wp\/v2\/pages\/23\/revisions\/1210"}],"wp:attachment":[{"href":"https:\/\/humildadsevillaeste.es\/index.php?rest_route=%2Fwp%2Fv2%2Fmedia&parent=23"}],"curies":[{"name":"wp","href":"https:\/\/api.w.org\/{rel}","templated":true}]}}