{"id":211,"date":"2025-05-29T10:53:42","date_gmt":"2025-05-29T10:53:42","guid":{"rendered":"https:\/\/humildadsevillaeste.es\/?page_id=211"},"modified":"2025-05-29T11:07:59","modified_gmt":"2025-05-29T11:07:59","slug":"cartel-sabado-de-pasion-2025","status":"publish","type":"page","link":"https:\/\/humildadsevillaeste.es\/?page_id=211","title":{"rendered":"Cartel S\u00e1bado de Pasi\u00f3n 2025"},"content":{"rendered":"\t\t<div data-elementor-type=\"wp-page\" data-elementor-id=\"211\" class=\"elementor elementor-211\" data-elementor-post-type=\"page\">\n\t\t\t\t<div class=\"elementor-element elementor-element-fed569b e-flex e-con-boxed e-con e-parent\" data-id=\"fed569b\" data-element_type=\"container\" data-e-type=\"container\">\n\t\t\t\t\t<div class=\"e-con-inner\">\n\t\t\t\t<div class=\"elementor-element elementor-element-1bb068d elementor-widget elementor-widget-heading\" data-id=\"1bb068d\" data-element_type=\"widget\" data-e-type=\"widget\" data-widget_type=\"heading.default\">\n\t\t\t\t\t<h2 class=\"elementor-heading-title elementor-size-default\">Cartel S\u00e1bado de Pasi\u00f3n 2025<\/h2>\t\t\t\t<\/div>\n\t\t\t\t<div class=\"elementor-element elementor-element-201d792 elementor-widget elementor-widget-text-editor\" data-id=\"201d792\" data-element_type=\"widget\" data-e-type=\"widget\" data-widget_type=\"text-editor.default\">\n\t\t\t\t\t\t\t\t\t<p>El cartel que anunci\u00f3 el S\u00e1bado de Pasi\u00f3n del a\u00f1o 2025 fue obra de Sheila Criado y est\u00e1 realizado en t\u00e9cnica mixta sobre tabla.<\/p><p>La obra ilustra la salida procesional de Nuestro Padre Jes\u00fas de la Humildad de Sevilla Este, y muestra en todo su esplendor al titular de nuestra Agrupaci\u00f3n Parroquial en una perspectiva de contrapicado ascendente, donde se refleja la grandeza de Jesucristo en el momento que portaba la cruz.<\/p><p>Se funden elementos con un fondo blanco de luz que da protagonismo al rostro y lo encaja en un primer plano.<\/p><p>A los pies de Cristo, caminando hasta su destino final, se extiende una cenefa de espigas, s\u00edmbolo metaf\u00f3rico de la prosperidad y el resurgir de la vida, que regresar\u00e1 con la resurrecci\u00f3n de Nuestro Padre Jes\u00fas de la Humildad.<\/p><p>Las espigas est\u00e1n realizadas en papel metalizado en oro para darles m\u00e1s dignidad y fuerza, s\u00edmbolo de esta Agrupaci\u00f3n Parroquial, y, entre las mismas, aparece el texto \u00abS\u00e1bado de Pasi\u00f3n 2025\u00bb.<\/p><p>El conjunto se representa con la luz divina que acompa\u00f1a a Nuestro Padre Jes\u00fas de la Humildad en su duro camino portando la cruz, y esta luz se potencia con un fondo blanco con matices amarillo n\u00e1poles.<\/p>\t\t\t\t\t\t\t\t<\/div>\n\t\t\t\t<div class=\"elementor-element elementor-element-862feb2 elementor-widget elementor-widget-image\" data-id=\"862feb2\" data-element_type=\"widget\" data-e-type=\"widget\" data-widget_type=\"image.default\">\n\t\t\t\t\t\t\t\t\t\t\t\t\t\t\t<img fetchpriority=\"high\" decoding=\"async\" width=\"1536\" height=\"2048\" src=\"https:\/\/humildadsevillaeste.es\/wp-content\/uploads\/2025\/05\/Sabado-de-Pasion-2025-1536x2048.jpg\" class=\"attachment-2048x2048 size-2048x2048 wp-image-105\" alt=\"\" srcset=\"https:\/\/humildadsevillaeste.es\/wp-content\/uploads\/2025\/05\/Sabado-de-Pasion-2025-1536x2048.jpg 1536w, https:\/\/humildadsevillaeste.es\/wp-content\/uploads\/2025\/05\/Sabado-de-Pasion-2025-225x300.jpg 225w, https:\/\/humildadsevillaeste.es\/wp-content\/uploads\/2025\/05\/Sabado-de-Pasion-2025-768x1024.jpg 768w, https:\/\/humildadsevillaeste.es\/wp-content\/uploads\/2025\/05\/Sabado-de-Pasion-2025-300x400.jpg 300w, https:\/\/humildadsevillaeste.es\/wp-content\/uploads\/2025\/05\/Sabado-de-Pasion-2025-1152x1536.jpg 1152w, https:\/\/humildadsevillaeste.es\/wp-content\/uploads\/2025\/05\/Sabado-de-Pasion-2025-scaled.jpg 1920w\" sizes=\"(max-width: 1536px) 100vw, 1536px\" \/>\t\t\t\t\t\t\t\t\t\t\t\t\t\t\t<\/div>\n\t\t\t\t\t<\/div>\n\t\t\t\t<\/div>\n\t\t\t\t<\/div>\n\t\t","protected":false},"excerpt":{"rendered":"<p>Cartel S\u00e1bado de Pasi\u00f3n 2025 El cartel que anunci\u00f3 el S\u00e1bado de Pasi\u00f3n del a\u00f1o 2025 fue obra de Sheila [&hellip;]<\/p>\n","protected":false},"author":1,"featured_media":0,"parent":0,"menu_order":0,"comment_status":"closed","ping_status":"closed","template":"","meta":{"site-sidebar-layout":"no-sidebar","site-content-layout":"","ast-site-content-layout":"full-width-container","site-content-style":"default","site-sidebar-style":"default","ast-global-header-display":"","ast-banner-title-visibility":"","ast-main-header-display":"","ast-hfb-above-header-display":"","ast-hfb-below-header-display":"","ast-hfb-mobile-header-display":"","site-post-title":"disabled","ast-breadcrumbs-content":"","ast-featured-img":"disabled","footer-sml-layout":"","ast-disable-related-posts":"","theme-transparent-header-meta":"","adv-header-id-meta":"","stick-header-meta":"","header-above-stick-meta":"","header-main-stick-meta":"","header-below-stick-meta":"","astra-migrate-meta-layouts":"default","ast-page-background-enabled":"default","ast-page-background-meta":{"desktop":{"background-color":"var(--ast-global-color-5)","background-image":"","background-repeat":"repeat","background-position":"center center","background-size":"auto","background-attachment":"scroll","background-type":"","background-media":"","overlay-type":"","overlay-color":"","overlay-opacity":"","overlay-gradient":""},"tablet":{"background-color":"","background-image":"","background-repeat":"repeat","background-position":"center center","background-size":"auto","background-attachment":"scroll","background-type":"","background-media":"","overlay-type":"","overlay-color":"","overlay-opacity":"","overlay-gradient":""},"mobile":{"background-color":"","background-image":"","background-repeat":"repeat","background-position":"center center","background-size":"auto","background-attachment":"scroll","background-type":"","background-media":"","overlay-type":"","overlay-color":"","overlay-opacity":"","overlay-gradient":""}},"ast-content-background-meta":{"desktop":{"background-color":"var(--ast-global-color-4)","background-image":"","background-repeat":"repeat","background-position":"center center","background-size":"auto","background-attachment":"scroll","background-type":"","background-media":"","overlay-type":"","overlay-color":"","overlay-opacity":"","overlay-gradient":""},"tablet":{"background-color":"var(--ast-global-color-4)","background-image":"","background-repeat":"repeat","background-position":"center center","background-size":"auto","background-attachment":"scroll","background-type":"","background-media":"","overlay-type":"","overlay-color":"","overlay-opacity":"","overlay-gradient":""},"mobile":{"background-color":"var(--ast-global-color-4)","background-image":"","background-repeat":"repeat","background-position":"center center","background-size":"auto","background-attachment":"scroll","background-type":"","background-media":"","overlay-type":"","overlay-color":"","overlay-opacity":"","overlay-gradient":""}},"footnotes":""},"class_list":["post-211","page","type-page","status-publish","hentry"],"_links":{"self":[{"href":"https:\/\/humildadsevillaeste.es\/index.php?rest_route=\/wp\/v2\/pages\/211","targetHints":{"allow":["GET"]}}],"collection":[{"href":"https:\/\/humildadsevillaeste.es\/index.php?rest_route=\/wp\/v2\/pages"}],"about":[{"href":"https:\/\/humildadsevillaeste.es\/index.php?rest_route=\/wp\/v2\/types\/page"}],"author":[{"embeddable":true,"href":"https:\/\/humildadsevillaeste.es\/index.php?rest_route=\/wp\/v2\/users\/1"}],"replies":[{"embeddable":true,"href":"https:\/\/humildadsevillaeste.es\/index.php?rest_route=%2Fwp%2Fv2%2Fcomments&post=211"}],"version-history":[{"count":10,"href":"https:\/\/humildadsevillaeste.es\/index.php?rest_route=\/wp\/v2\/pages\/211\/revisions"}],"predecessor-version":[{"id":229,"href":"https:\/\/humildadsevillaeste.es\/index.php?rest_route=\/wp\/v2\/pages\/211\/revisions\/229"}],"wp:attachment":[{"href":"https:\/\/humildadsevillaeste.es\/index.php?rest_route=%2Fwp%2Fv2%2Fmedia&parent=211"}],"curies":[{"name":"wp","href":"https:\/\/api.w.org\/{rel}","templated":true}]}}