{"id":209,"date":"2025-05-29T10:53:35","date_gmt":"2025-05-29T10:53:35","guid":{"rendered":"https:\/\/humildadsevillaeste.es\/?page_id=209"},"modified":"2025-05-29T11:07:20","modified_gmt":"2025-05-29T11:07:20","slug":"cartel-sabado-de-pasion-2024","status":"publish","type":"page","link":"https:\/\/humildadsevillaeste.es\/?page_id=209","title":{"rendered":"Cartel S\u00e1bado de Pasi\u00f3n 2024"},"content":{"rendered":"\t\t<div data-elementor-type=\"wp-page\" data-elementor-id=\"209\" class=\"elementor elementor-209\" data-elementor-post-type=\"page\">\n\t\t\t\t<div class=\"elementor-element elementor-element-d82aa55 e-flex e-con-boxed e-con e-parent\" data-id=\"d82aa55\" data-element_type=\"container\" data-e-type=\"container\">\n\t\t\t\t\t<div class=\"e-con-inner\">\n\t\t\t\t<div class=\"elementor-element elementor-element-e898ada elementor-widget elementor-widget-heading\" data-id=\"e898ada\" data-element_type=\"widget\" data-e-type=\"widget\" data-widget_type=\"heading.default\">\n\t\t\t\t\t<h2 class=\"elementor-heading-title elementor-size-default\">Cartel S\u00e1bado de Pasi\u00f3n 2024<\/h2>\t\t\t\t<\/div>\n\t\t\t\t<div class=\"elementor-element elementor-element-bbb28f2 elementor-widget elementor-widget-text-editor\" data-id=\"bbb28f2\" data-element_type=\"widget\" data-e-type=\"widget\" data-widget_type=\"text-editor.default\">\n\t\t\t\t\t\t\t\t\t<p>El cartel anunciador de la Salida Procesional de Ntro. Padre Jes\u00fas de la Humildad del a\u00f1o 2024, fue obra de N.H. D. Rafael Portillo Ruz.<\/p><p>En este cartel, se ilustra como una de las im\u00e1genes m\u00e1s grande y de fondo un incensario, ya que simboliza la presencia de Dios y de su Poder. Observamos una segunda imagen de Ntro. Padre Jes\u00fas de la Humildad portando la Cruz y detr\u00e1s a Sim\u00f3n de Cirene cuando le ayuda a cargar el madero, im\u00e1genes que hasta hoy, son las que lleva el Misterio de la Agrupaci\u00f3n, respetando en la misma imagen el cielo azul sobre ellos con una leve opacidad para recordar que ascendi\u00f3 a los cielos. Por \u00faltimo, observamos de nuevo al Se\u00f1or, en la parte inferior derecha. Con ella, se pretende mostrar m\u00e1s de cerca el perfil de Jes\u00fas, clavando la mirada hacia abajo, mostrando su cansancio y el dolor que estaba experimentando en ese momento.<\/p><p>Un aspecto a destacar en este cartel es que tenemos un C\u00f3digo QR creado expresamente con la finalidad de ampliar informaci\u00f3n de la Salida Procesional y de la propia Agrupaci\u00f3n Parroquial. El enlace del C\u00f3digo QR es: <a href=\"https:\/\/bio.link\/humildad?fbclid=IwZXh0bgNhZW0CMTAAYnJpZBExd2NVZElIREFDRnNLV2FvRAEeGD503tj23EveM0GaAIF6xiUACl8DqInl_uLZ4X-sBrShUxNXUtaXslgReT8_aem_9sBR7yRbgm5-KVy4fcejAQ\">https:\/\/bio.link\/humildad<\/a><\/p><p>Se hace saber que, este cartel ha sido designado como cartel de nuestra Salida Procesional entre todos los presentados por los alumnos y alumnas del Curso de Desarrollo de productos audiovisuales multimedia interactivos, impartido por el Centro \u201cAlbor\u00e1n Formaci\u00f3n\u201d, quienes han sido guiados por el Profesor D. Luis S\u00e1nchez Valdepe\u00f1as Pozuelo, habiendo sido un proyecto del curso la realizaci\u00f3n del Cartel de nuestra Salida Procesional.<\/p><p>Desde estas l\u00edneas, queremos transmitir nuestro m\u00e1s sincero agradecimiento a todo el alumnado y al docente por esta hermosa iniciativa y por todos los carteles que nos han presentado, habiendo sido muy dif\u00edcil la elecci\u00f3n del mismo.<\/p>\t\t\t\t\t\t\t\t<\/div>\n\t\t\t\t<div class=\"elementor-element elementor-element-62fec50 elementor-widget elementor-widget-image\" data-id=\"62fec50\" data-element_type=\"widget\" data-e-type=\"widget\" data-widget_type=\"image.default\">\n\t\t\t\t\t\t\t\t\t\t\t\t\t\t\t<img fetchpriority=\"high\" decoding=\"async\" width=\"1463\" height=\"2048\" src=\"https:\/\/humildadsevillaeste.es\/wp-content\/uploads\/2025\/05\/cartel-2024-1.jpg\" class=\"attachment-full size-full wp-image-205\" alt=\"\" srcset=\"https:\/\/humildadsevillaeste.es\/wp-content\/uploads\/2025\/05\/cartel-2024-1.jpg 1463w, https:\/\/humildadsevillaeste.es\/wp-content\/uploads\/2025\/05\/cartel-2024-1-214x300.jpg 214w, https:\/\/humildadsevillaeste.es\/wp-content\/uploads\/2025\/05\/cartel-2024-1-732x1024.jpg 732w, https:\/\/humildadsevillaeste.es\/wp-content\/uploads\/2025\/05\/cartel-2024-1-768x1075.jpg 768w, https:\/\/humildadsevillaeste.es\/wp-content\/uploads\/2025\/05\/cartel-2024-1-1097x1536.jpg 1097w\" sizes=\"(max-width: 1463px) 100vw, 1463px\" \/>\t\t\t\t\t\t\t\t\t\t\t\t\t\t\t<\/div>\n\t\t\t\t\t<\/div>\n\t\t\t\t<\/div>\n\t\t\t\t<\/div>\n\t\t","protected":false},"excerpt":{"rendered":"<p>Cartel S\u00e1bado de Pasi\u00f3n 2024 El cartel anunciador de la Salida Procesional de Ntro. Padre Jes\u00fas de la Humildad del [&hellip;]<\/p>\n","protected":false},"author":1,"featured_media":0,"parent":0,"menu_order":0,"comment_status":"closed","ping_status":"closed","template":"","meta":{"site-sidebar-layout":"no-sidebar","site-content-layout":"","ast-site-content-layout":"full-width-container","site-content-style":"default","site-sidebar-style":"default","ast-global-header-display":"","ast-banner-title-visibility":"","ast-main-header-display":"","ast-hfb-above-header-display":"","ast-hfb-below-header-display":"","ast-hfb-mobile-header-display":"","site-post-title":"disabled","ast-breadcrumbs-content":"","ast-featured-img":"disabled","footer-sml-layout":"","ast-disable-related-posts":"","theme-transparent-header-meta":"","adv-header-id-meta":"","stick-header-meta":"","header-above-stick-meta":"","header-main-stick-meta":"","header-below-stick-meta":"","astra-migrate-meta-layouts":"default","ast-page-background-enabled":"default","ast-page-background-meta":{"desktop":{"background-color":"var(--ast-global-color-5)","background-image":"","background-repeat":"repeat","background-position":"center center","background-size":"auto","background-attachment":"scroll","background-type":"","background-media":"","overlay-type":"","overlay-color":"","overlay-opacity":"","overlay-gradient":""},"tablet":{"background-color":"","background-image":"","background-repeat":"repeat","background-position":"center center","background-size":"auto","background-attachment":"scroll","background-type":"","background-media":"","overlay-type":"","overlay-color":"","overlay-opacity":"","overlay-gradient":""},"mobile":{"background-color":"","background-image":"","background-repeat":"repeat","background-position":"center center","background-size":"auto","background-attachment":"scroll","background-type":"","background-media":"","overlay-type":"","overlay-color":"","overlay-opacity":"","overlay-gradient":""}},"ast-content-background-meta":{"desktop":{"background-color":"var(--ast-global-color-4)","background-image":"","background-repeat":"repeat","background-position":"center center","background-size":"auto","background-attachment":"scroll","background-type":"","background-media":"","overlay-type":"","overlay-color":"","overlay-opacity":"","overlay-gradient":""},"tablet":{"background-color":"var(--ast-global-color-4)","background-image":"","background-repeat":"repeat","background-position":"center center","background-size":"auto","background-attachment":"scroll","background-type":"","background-media":"","overlay-type":"","overlay-color":"","overlay-opacity":"","overlay-gradient":""},"mobile":{"background-color":"var(--ast-global-color-4)","background-image":"","background-repeat":"repeat","background-position":"center center","background-size":"auto","background-attachment":"scroll","background-type":"","background-media":"","overlay-type":"","overlay-color":"","overlay-opacity":"","overlay-gradient":""}},"footnotes":""},"class_list":["post-209","page","type-page","status-publish","hentry"],"_links":{"self":[{"href":"https:\/\/humildadsevillaeste.es\/index.php?rest_route=\/wp\/v2\/pages\/209","targetHints":{"allow":["GET"]}}],"collection":[{"href":"https:\/\/humildadsevillaeste.es\/index.php?rest_route=\/wp\/v2\/pages"}],"about":[{"href":"https:\/\/humildadsevillaeste.es\/index.php?rest_route=\/wp\/v2\/types\/page"}],"author":[{"embeddable":true,"href":"https:\/\/humildadsevillaeste.es\/index.php?rest_route=\/wp\/v2\/users\/1"}],"replies":[{"embeddable":true,"href":"https:\/\/humildadsevillaeste.es\/index.php?rest_route=%2Fwp%2Fv2%2Fcomments&post=209"}],"version-history":[{"count":7,"href":"https:\/\/humildadsevillaeste.es\/index.php?rest_route=\/wp\/v2\/pages\/209\/revisions"}],"predecessor-version":[{"id":223,"href":"https:\/\/humildadsevillaeste.es\/index.php?rest_route=\/wp\/v2\/pages\/209\/revisions\/223"}],"wp:attachment":[{"href":"https:\/\/humildadsevillaeste.es\/index.php?rest_route=%2Fwp%2Fv2%2Fmedia&parent=209"}],"curies":[{"name":"wp","href":"https:\/\/api.w.org\/{rel}","templated":true}]}}