{"id":15,"date":"2025-05-28T07:25:27","date_gmt":"2025-05-28T07:25:27","guid":{"rendered":"https:\/\/humildadsevillaeste.es\/?page_id=15"},"modified":"2025-09-05T12:37:08","modified_gmt":"2025-09-05T12:37:08","slug":"sede-canonica","status":"publish","type":"page","link":"https:\/\/humildadsevillaeste.es\/?page_id=15","title":{"rendered":"Sede Can\u00f3nica"},"content":{"rendered":"\t\t<div data-elementor-type=\"wp-page\" data-elementor-id=\"15\" class=\"elementor elementor-15\" data-elementor-post-type=\"page\">\n\t\t\t\t<div class=\"elementor-element elementor-element-9581446 e-flex e-con-boxed e-con e-parent\" data-id=\"9581446\" data-element_type=\"container\" data-e-type=\"container\">\n\t\t\t\t\t<div class=\"e-con-inner\">\n\t\t\t\t<div class=\"elementor-element elementor-element-3d7cf15 elementor-widget elementor-widget-heading\" data-id=\"3d7cf15\" data-element_type=\"widget\" data-e-type=\"widget\" data-widget_type=\"heading.default\">\n\t\t\t\t\t<h2 class=\"elementor-heading-title elementor-size-default\">Sede Can\u00f3nica<\/h2>\t\t\t\t<\/div>\n\t\t\t\t<div class=\"elementor-element elementor-element-2d93aa3 elementor-widget elementor-widget-heading\" data-id=\"2d93aa3\" data-element_type=\"widget\" data-e-type=\"widget\" data-widget_type=\"heading.default\">\n\t\t\t\t\t<h2 class=\"elementor-heading-title elementor-size-default\">Parroquia de Nuestra Se\u00f1ora de los \u00c1ngeles y Santa \u00c1ngela de la Cruz<\/h2>\t\t\t\t<\/div>\n\t\t\t\t<div class=\"elementor-element elementor-element-4401408 elementor-widget elementor-widget-text-editor\" data-id=\"4401408\" data-element_type=\"widget\" data-e-type=\"widget\" data-widget_type=\"text-editor.default\">\n\t\t\t\t\t\t\t\t\t<p>Nuestra parroquia fue creada en el a\u00f1o 1984, a ra\u00edz de la Beatificaci\u00f3n de Sor \u00c1ngela de la Cruz y en homenaje a ella, nuestra Parroquia, tu Parroquia, naci\u00f3 sin solar para su construcci\u00f3n y sin apenas feligres\u00eda, aunque con la ilusi\u00f3n de que ser\u00eda una realidad con el paso del tiempo.<\/p><p>Su vida, su ambiente, su alma, comenz\u00f3 a bullir desde el principio, \u00abaumentando cada d\u00eda -como dice la Biblia- el n\u00famero de hombres y mujeres que cre\u00edan en el Se\u00f1or\u00bb.<\/p><p>Han pasado varios a\u00f1os desde la Consagraci\u00f3n del templo en 1993 y la Parroquia a\u00fan es joven. Por eso, est\u00e1 llena de fuerza, de alegr\u00eda, de movimiento, de actividad, de Gracia de Dios, de gente que ha entendido que amar es servir y de servicios que ayudan a los que sienten necesidades, sea cual sea su realidad personal y familiar. Pero, como joven, tambi\u00e9n queriendo crecer. Esperamos contar contigo, y para ello, te presentamos las actividades que encontrar\u00e1s en tu Parroquia.<\/p><p>Para eso estamos y para eso Dios reparte su Gracia. Para que nos aproveche y la aprovechen los dem\u00e1s, cuando se trata de brindar oportunidades de servicios y de amor.<\/p>\t\t\t\t\t\t\t\t<\/div>\n\t\t<div class=\"elementor-element elementor-element-d68e710 e-con-full e-flex e-con e-child\" data-id=\"d68e710\" data-element_type=\"container\" data-e-type=\"container\">\n\t\t\t\t<div class=\"elementor-element elementor-element-0be81ce elementor-widget elementor-widget-image\" data-id=\"0be81ce\" data-element_type=\"widget\" data-e-type=\"widget\" data-widget_type=\"image.default\">\n\t\t\t\t\t\t\t\t\t\t\t\t\t\t\t<img fetchpriority=\"high\" decoding=\"async\" width=\"400\" height=\"225\" src=\"https:\/\/humildadsevillaeste.es\/wp-content\/uploads\/2025\/09\/Parroquia-Ntra-Sra-Angeles-y-Santa-Angela-de-la-Cruz-02.jpg\" class=\"attachment-1536x1536 size-1536x1536 wp-image-888\" alt=\"\" srcset=\"https:\/\/humildadsevillaeste.es\/wp-content\/uploads\/2025\/09\/Parroquia-Ntra-Sra-Angeles-y-Santa-Angela-de-la-Cruz-02.jpg 400w, https:\/\/humildadsevillaeste.es\/wp-content\/uploads\/2025\/09\/Parroquia-Ntra-Sra-Angeles-y-Santa-Angela-de-la-Cruz-02-300x169.jpg 300w\" sizes=\"(max-width: 400px) 100vw, 400px\" \/>\t\t\t\t\t\t\t\t\t\t\t\t\t\t\t<\/div>\n\t\t\t\t<div class=\"elementor-element elementor-element-8c704e5 elementor-widget elementor-widget-image\" data-id=\"8c704e5\" data-element_type=\"widget\" data-e-type=\"widget\" data-widget_type=\"image.default\">\n\t\t\t\t\t\t\t\t\t\t\t\t\t\t\t<img decoding=\"async\" width=\"391\" height=\"260\" src=\"https:\/\/humildadsevillaeste.es\/wp-content\/uploads\/2025\/09\/R-391x260.jpg\" class=\"attachment-gridsquare size-gridsquare wp-image-892\" alt=\"\" \/>\t\t\t\t\t\t\t\t\t\t\t\t\t\t\t<\/div>\n\t\t\t\t<\/div>\n\t\t\t\t<div class=\"elementor-element elementor-element-5fb6d02 elementor-widget elementor-widget-button\" data-id=\"5fb6d02\" data-element_type=\"widget\" data-e-type=\"widget\" data-widget_type=\"button.default\">\n\t\t\t\t\t\t\t\t\t\t<a class=\"elementor-button elementor-button-link elementor-size-sm elementor-animation-shrink\" href=\"http:\/\/parroquiasantaangela.es\/\">\n\t\t\t\t\t\t<span class=\"elementor-button-content-wrapper\">\n\t\t\t\t\t\t\t\t\t<span class=\"elementor-button-text\">P\u00e1gina Web Parroquia Ntra Se\u00f1ora de los \u00c1ngeles y Santa \u00c1ngela de la cruz<\/span>\n\t\t\t\t\t<\/span>\n\t\t\t\t\t<\/a>\n\t\t\t\t\t\t\t\t<\/div>\n\t\t\t\t<div class=\"elementor-element elementor-element-21de8d6 elementor-widget elementor-widget-google_maps\" data-id=\"21de8d6\" data-element_type=\"widget\" data-e-type=\"widget\" data-widget_type=\"google_maps.default\">\n\t\t\t\t\t\t\t<div class=\"elementor-custom-embed\">\n\t\t\t<iframe loading=\"lazy\"\n\t\t\t\t\tsrc=\"https:\/\/maps.google.com\/maps?q=Parroquia%20Nuestra%20Se%C3%B1ora%20de%20los%20Angeles%20y%20Santa%20Angela%20de%20la%20Cruz&#038;t=m&#038;z=15&#038;output=embed&#038;iwloc=near\"\n\t\t\t\t\ttitle=\"Parroquia Nuestra Se\u00f1ora de los Angeles y Santa Angela de la Cruz\"\n\t\t\t\t\taria-label=\"Parroquia Nuestra Se\u00f1ora de los Angeles y Santa Angela de la Cruz\"\n\t\t\t><\/iframe>\n\t\t<\/div>\n\t\t\t\t\t\t<\/div>\n\t\t\t\t\t<\/div>\n\t\t\t\t<\/div>\n\t\t\t\t<\/div>\n\t\t","protected":false},"excerpt":{"rendered":"<p>Sede Can\u00f3nica Parroquia de Nuestra Se\u00f1ora de los \u00c1ngeles y Santa \u00c1ngela de la Cruz Nuestra parroquia fue creada en [&hellip;]<\/p>\n","protected":false},"author":1,"featured_media":0,"parent":0,"menu_order":0,"comment_status":"closed","ping_status":"closed","template":"","meta":{"site-sidebar-layout":"no-sidebar","site-content-layout":"","ast-site-content-layout":"full-width-container","site-content-style":"default","site-sidebar-style":"default","ast-global-header-display":"","ast-banner-title-visibility":"","ast-main-header-display":"","ast-hfb-above-header-display":"","ast-hfb-below-header-display":"","ast-hfb-mobile-header-display":"","site-post-title":"disabled","ast-breadcrumbs-content":"","ast-featured-img":"disabled","footer-sml-layout":"","ast-disable-related-posts":"","theme-transparent-header-meta":"","adv-header-id-meta":"","stick-header-meta":"","header-above-stick-meta":"","header-main-stick-meta":"","header-below-stick-meta":"","astra-migrate-meta-layouts":"default","ast-page-background-enabled":"default","ast-page-background-meta":{"desktop":{"background-color":"var(--ast-global-color-5)","background-image":"","background-repeat":"repeat","background-position":"center center","background-size":"auto","background-attachment":"scroll","background-type":"","background-media":"","overlay-type":"","overlay-color":"","overlay-opacity":"","overlay-gradient":""},"tablet":{"background-color":"","background-image":"","background-repeat":"repeat","background-position":"center center","background-size":"auto","background-attachment":"scroll","background-type":"","background-media":"","overlay-type":"","overlay-color":"","overlay-opacity":"","overlay-gradient":""},"mobile":{"background-color":"","background-image":"","background-repeat":"repeat","background-position":"center center","background-size":"auto","background-attachment":"scroll","background-type":"","background-media":"","overlay-type":"","overlay-color":"","overlay-opacity":"","overlay-gradient":""}},"ast-content-background-meta":{"desktop":{"background-color":"var(--ast-global-color-4)","background-image":"","background-repeat":"repeat","background-position":"center center","background-size":"auto","background-attachment":"scroll","background-type":"","background-media":"","overlay-type":"","overlay-color":"","overlay-opacity":"","overlay-gradient":""},"tablet":{"background-color":"var(--ast-global-color-4)","background-image":"","background-repeat":"repeat","background-position":"center center","background-size":"auto","background-attachment":"scroll","background-type":"","background-media":"","overlay-type":"","overlay-color":"","overlay-opacity":"","overlay-gradient":""},"mobile":{"background-color":"var(--ast-global-color-4)","background-image":"","background-repeat":"repeat","background-position":"center center","background-size":"auto","background-attachment":"scroll","background-type":"","background-media":"","overlay-type":"","overlay-color":"","overlay-opacity":"","overlay-gradient":""}},"footnotes":""},"class_list":["post-15","page","type-page","status-publish","hentry"],"_links":{"self":[{"href":"https:\/\/humildadsevillaeste.es\/index.php?rest_route=\/wp\/v2\/pages\/15","targetHints":{"allow":["GET"]}}],"collection":[{"href":"https:\/\/humildadsevillaeste.es\/index.php?rest_route=\/wp\/v2\/pages"}],"about":[{"href":"https:\/\/humildadsevillaeste.es\/index.php?rest_route=\/wp\/v2\/types\/page"}],"author":[{"embeddable":true,"href":"https:\/\/humildadsevillaeste.es\/index.php?rest_route=\/wp\/v2\/users\/1"}],"replies":[{"embeddable":true,"href":"https:\/\/humildadsevillaeste.es\/index.php?rest_route=%2Fwp%2Fv2%2Fcomments&post=15"}],"version-history":[{"count":25,"href":"https:\/\/humildadsevillaeste.es\/index.php?rest_route=\/wp\/v2\/pages\/15\/revisions"}],"predecessor-version":[{"id":1366,"href":"https:\/\/humildadsevillaeste.es\/index.php?rest_route=\/wp\/v2\/pages\/15\/revisions\/1366"}],"wp:attachment":[{"href":"https:\/\/humildadsevillaeste.es\/index.php?rest_route=%2Fwp%2Fv2%2Fmedia&parent=15"}],"curies":[{"name":"wp","href":"https:\/\/api.w.org\/{rel}","templated":true}]}}