{"id":13,"date":"2025-05-28T07:25:13","date_gmt":"2025-05-28T07:25:13","guid":{"rendered":"https:\/\/humildadsevillaeste.es\/?page_id=13"},"modified":"2025-11-29T02:31:39","modified_gmt":"2025-11-29T02:31:39","slug":"junta-de-gobierno","status":"publish","type":"page","link":"https:\/\/humildadsevillaeste.es\/?page_id=13","title":{"rendered":"Junta de Gobierno"},"content":{"rendered":"\t\t<div data-elementor-type=\"wp-page\" data-elementor-id=\"13\" class=\"elementor elementor-13\" data-elementor-post-type=\"page\">\n\t\t\t\t<div class=\"elementor-element elementor-element-2fac7fc e-flex e-con-boxed e-con e-parent\" data-id=\"2fac7fc\" data-element_type=\"container\" data-e-type=\"container\">\n\t\t\t\t\t<div class=\"e-con-inner\">\n\t\t\t\t<div class=\"elementor-element elementor-element-3075363 elementor-widget elementor-widget-heading\" data-id=\"3075363\" data-element_type=\"widget\" data-e-type=\"widget\" data-widget_type=\"heading.default\">\n\t\t\t\t\t<h2 class=\"elementor-heading-title elementor-size-default\">Junta de Gobierno<\/h2>\t\t\t\t<\/div>\n\t\t\t\t\t<\/div>\n\t\t\t\t<\/div>\n\t\t<div class=\"elementor-element elementor-element-a8065d2 e-flex e-con-boxed e-con e-parent\" data-id=\"a8065d2\" data-element_type=\"container\" data-e-type=\"container\">\n\t\t\t\t\t<div class=\"e-con-inner\">\n\t\t\t\t<div class=\"elementor-element elementor-element-e3e36e8 elementor-widget elementor-widget-image\" data-id=\"e3e36e8\" data-element_type=\"widget\" data-e-type=\"widget\" data-widget_type=\"image.default\">\n\t\t\t\t\t\t\t\t\t\t\t\t\t\t\t<img fetchpriority=\"high\" decoding=\"async\" width=\"2048\" height=\"1536\" src=\"https:\/\/humildadsevillaeste.es\/wp-content\/uploads\/2025\/05\/Foto-Junta-de-Gobierno.jpg\" class=\"attachment-2048x2048 size-2048x2048 wp-image-104\" alt=\"\" srcset=\"https:\/\/humildadsevillaeste.es\/wp-content\/uploads\/2025\/05\/Foto-Junta-de-Gobierno.jpg 2048w, https:\/\/humildadsevillaeste.es\/wp-content\/uploads\/2025\/05\/Foto-Junta-de-Gobierno-300x225.jpg 300w, https:\/\/humildadsevillaeste.es\/wp-content\/uploads\/2025\/05\/Foto-Junta-de-Gobierno-1024x768.jpg 1024w, https:\/\/humildadsevillaeste.es\/wp-content\/uploads\/2025\/05\/Foto-Junta-de-Gobierno-768x576.jpg 768w, https:\/\/humildadsevillaeste.es\/wp-content\/uploads\/2025\/05\/Foto-Junta-de-Gobierno-1536x1152.jpg 1536w\" sizes=\"(max-width: 2048px) 100vw, 2048px\" \/>\t\t\t\t\t\t\t\t\t\t\t\t\t\t\t<\/div>\n\t\t\t\t<div class=\"elementor-element elementor-element-cc87cda elementor-widget elementor-widget-text-editor\" data-id=\"cc87cda\" data-element_type=\"widget\" data-e-type=\"widget\" data-widget_type=\"text-editor.default\">\n\t\t\t\t\t\t\t\t\t<p><strong>Presidente y Director Espiritual:<\/strong> Rvdo. Padre D. Adri\u00e1n Sanabria Mejido<\/p><p><strong>Vicepresidente:<\/strong> D. Agust\u00edn Ru\u00edz D\u00edaz<\/p><p><strong>Consiliario 1\u00ba:<\/strong> D. Jos\u00e9 Luis S\u00e1nchez-Trincado Toyos<\/p><p><strong>Consiliario 2\u00ba: <\/strong>D. Jos\u00e9 \u00c1ngel Cardador Rodr\u00edguez<\/p><p><strong>Consiliario 3\u00ba:<\/strong> D. Sergio Justo Mart\u00ednez<\/p><p><strong>Secretaria 1\u00aa: <\/strong>D\u00f1a. Mar\u00eda del Carmen de la Rosa Castell<\/p><p><strong>Secretaria 2\u00aa:<\/strong> D\u00f1a. Miriam Garc\u00eda Mu\u00f1oz<\/p><p><strong>Mayordomo 1\u00ba:<\/strong> D. Aurelio Trujillo Ru\u00edz<\/p><p><strong>Mayordomo 2\u00ba: <\/strong>D. Juan Luis Valero Alcaide<\/p><p><strong>Mayordomo 3\u00ba:<\/strong> D. Jos\u00e9 Diego Rivero Bellido<\/p><p><strong>Diputado de Cultos y Formaci\u00f3n:<\/strong> D. Joaqu\u00edn Ram\u00f3n Cardador Rodr\u00edguez<\/p><p><strong>Diputado Mayor de Gobierno:<\/strong> D. Diego Ramos Rom\u00e1n<\/p><p><strong>Prioste 1\u00ba:<\/strong> D. \u00c1lvaro Hermoso L\u00f3pez<\/p><p><strong>Prioste 2\u00ba:<\/strong> D. Jes\u00fas Luis Caballos Aparicio<\/p><p><strong>Diputado de Juventud:<\/strong> D. Pablo Enrique Sosa Giraldo<\/p><p><strong>Diputado de Caridad:<\/strong> D. Sergio Rodr\u00edguez Pando<\/p>\t\t\t\t\t\t\t\t<\/div>\n\t\t\t\t\t<\/div>\n\t\t\t\t<\/div>\n\t\t\t\t<\/div>\n\t\t","protected":false},"excerpt":{"rendered":"<p>Junta de Gobierno Presidente y Director Espiritual: Rvdo. Padre D. Adri\u00e1n Sanabria Mejido Vicepresidente: D. Agust\u00edn Ru\u00edz D\u00edaz Consiliario 1\u00ba: [&hellip;]<\/p>\n","protected":false},"author":1,"featured_media":0,"parent":0,"menu_order":0,"comment_status":"closed","ping_status":"closed","template":"","meta":{"site-sidebar-layout":"no-sidebar","site-content-layout":"","ast-site-content-layout":"full-width-container","site-content-style":"default","site-sidebar-style":"default","ast-global-header-display":"","ast-banner-title-visibility":"","ast-main-header-display":"","ast-hfb-above-header-display":"","ast-hfb-below-header-display":"","ast-hfb-mobile-header-display":"","site-post-title":"disabled","ast-breadcrumbs-content":"","ast-featured-img":"disabled","footer-sml-layout":"","ast-disable-related-posts":"","theme-transparent-header-meta":"","adv-header-id-meta":"","stick-header-meta":"","header-above-stick-meta":"","header-main-stick-meta":"","header-below-stick-meta":"","astra-migrate-meta-layouts":"default","ast-page-background-enabled":"default","ast-page-background-meta":{"desktop":{"background-color":"var(--ast-global-color-5)","background-image":"","background-repeat":"repeat","background-position":"center center","background-size":"auto","background-attachment":"scroll","background-type":"","background-media":"","overlay-type":"","overlay-color":"","overlay-opacity":"","overlay-gradient":""},"tablet":{"background-color":"","background-image":"","background-repeat":"repeat","background-position":"center center","background-size":"auto","background-attachment":"scroll","background-type":"","background-media":"","overlay-type":"","overlay-color":"","overlay-opacity":"","overlay-gradient":""},"mobile":{"background-color":"","background-image":"","background-repeat":"repeat","background-position":"center center","background-size":"auto","background-attachment":"scroll","background-type":"","background-media":"","overlay-type":"","overlay-color":"","overlay-opacity":"","overlay-gradient":""}},"ast-content-background-meta":{"desktop":{"background-color":"var(--ast-global-color-4)","background-image":"","background-repeat":"repeat","background-position":"center center","background-size":"auto","background-attachment":"scroll","background-type":"","background-media":"","overlay-type":"","overlay-color":"","overlay-opacity":"","overlay-gradient":""},"tablet":{"background-color":"var(--ast-global-color-4)","background-image":"","background-repeat":"repeat","background-position":"center center","background-size":"auto","background-attachment":"scroll","background-type":"","background-media":"","overlay-type":"","overlay-color":"","overlay-opacity":"","overlay-gradient":""},"mobile":{"background-color":"var(--ast-global-color-4)","background-image":"","background-repeat":"repeat","background-position":"center center","background-size":"auto","background-attachment":"scroll","background-type":"","background-media":"","overlay-type":"","overlay-color":"","overlay-opacity":"","overlay-gradient":""}},"footnotes":""},"class_list":["post-13","page","type-page","status-publish","hentry"],"_links":{"self":[{"href":"https:\/\/humildadsevillaeste.es\/index.php?rest_route=\/wp\/v2\/pages\/13","targetHints":{"allow":["GET"]}}],"collection":[{"href":"https:\/\/humildadsevillaeste.es\/index.php?rest_route=\/wp\/v2\/pages"}],"about":[{"href":"https:\/\/humildadsevillaeste.es\/index.php?rest_route=\/wp\/v2\/types\/page"}],"author":[{"embeddable":true,"href":"https:\/\/humildadsevillaeste.es\/index.php?rest_route=\/wp\/v2\/users\/1"}],"replies":[{"embeddable":true,"href":"https:\/\/humildadsevillaeste.es\/index.php?rest_route=%2Fwp%2Fv2%2Fcomments&post=13"}],"version-history":[{"count":10,"href":"https:\/\/humildadsevillaeste.es\/index.php?rest_route=\/wp\/v2\/pages\/13\/revisions"}],"predecessor-version":[{"id":1793,"href":"https:\/\/humildadsevillaeste.es\/index.php?rest_route=\/wp\/v2\/pages\/13\/revisions\/1793"}],"wp:attachment":[{"href":"https:\/\/humildadsevillaeste.es\/index.php?rest_route=%2Fwp%2Fv2%2Fmedia&parent=13"}],"curies":[{"name":"wp","href":"https:\/\/api.w.org\/{rel}","templated":true}]}}